{"id":817,"date":"2022-09-06T06:49:37","date_gmt":"2022-09-06T11:49:37","guid":{"rendered":"https:\/\/liunalocal1329.org\/?page_id=817"},"modified":"2023-02-08T11:31:30","modified_gmt":"2023-02-08T17:31:30","slug":"mldc-state-office-endorsement-questionnaire-copy","status":"publish","type":"page","link":"https:\/\/liunalocal1329.org\/es\/uia","title":{"rendered":"Formulario de asistencia de desempleo para trabajadores de Michigan"},"content":{"rendered":"<h2>Formulario de asistencia de desempleo para trabajadores de Michigan<\/h2>\n                            Complete este formulario solo si tiene dificultades con la Agencia de Seguro de Desempleo de Michigan (UIA) para procesar su reclamo de desempleo. Un miembro del Consejo del Distrito de Trabajadores se pondr\u00e1 en contacto con su reclamo dentro de unos d\u00edas h\u00e1biles.\n                        <form method=\"post\" enctype=\"multipart\/form-data\" target=\"gform_ajax_frame_4\" id=\"gform_4\" action=\"\/es\/?page_id=817&#038;fl_builder#gf_4\" novalidate=\"\" data-trp-original-action=\"\/?page_id=817&amp;fl_builder#gf_4\">\n                        <fieldset id=\"field_4_1\" data-js-reload=\"field_4_1\"><legend class=\"gfield_label gfield_label_before_complex\">Nombre<\/legend>\n                                                    <input type=\"text\" name=\"input_1.3\" id=\"input_4_1_3\" value=\"\" tabindex=\"101\" aria-required=\"false\">\n                                                    <label for=\"input_4_1_3\">Primero<\/label>\n                                                    <input type=\"text\" name=\"input_1.6\" id=\"input_4_1_6\" value=\"\" tabindex=\"103\" aria-required=\"false\">\n                                                    <label for=\"input_4_1_6\">Ultimo<\/label>\n                        <\/fieldset><fieldset id=\"field_4_4\" data-js-reload=\"field_4_4\"><legend class=\"gfield_label gfield_label_before_complex\">Direcci\u00f3n<\/legend>    \n                                        <input type=\"text\" name=\"input_4.1\" id=\"input_4_4_1\" value=\"\" tabindex=\"105\" aria-required=\"false\">\n                                        <label for=\"input_4_4_1\" id=\"input_4_4_1_label\">Direcci\u00f3n<\/label>\n                                        <input type=\"text\" name=\"input_4.2\" id=\"input_4_4_2\" value=\"\" tabindex=\"106\" aria-required=\"false\">\n                                        <label for=\"input_4_4_2\" id=\"input_4_4_2_label\">L\u00ednea de direcci\u00f3n 2<\/label>\n                                    <input type=\"text\" name=\"input_4.3\" id=\"input_4_4_3\" value=\"\" tabindex=\"107\" aria-required=\"false\">\n                                    <label for=\"input_4_4_3\" id=\"input_4_4_3_label\">Ciudad<\/label>\n                                        <input type=\"text\" name=\"input_4.4\" id=\"input_4_4_4\" value=\"\" tabindex=\"109\" aria-required=\"false\">\n                                        <label for=\"input_4_4_4\" id=\"input_4_4_4_label\">Estado \/ Provincia \/ Regi\u00f3n<\/label>\n                                    <input type=\"text\" name=\"input_4.5\" id=\"input_4_4_5\" value=\"\" tabindex=\"110\" aria-required=\"false\">\n                                    <label for=\"input_4_4_5\" id=\"input_4_4_5_label\">C\u00f3digo postal<\/label>\n                                        <select name=\"input_4.6\" id=\"input_4_4_6\" tabindex=\"111\" aria-required=\"false\"><option value=\"\" selected=\"selected\"><\/option><option value=\"Afghanistan\">Afganist\u00e1n<\/option><option value=\"Albania\">Albania<\/option><option value=\"Algeria\">Argelia<\/option><option value=\"American Samoa\">Samoa Americana<\/option><option value=\"Andorra\">Andorra<\/option><option value=\"Angola\">angola<\/option><option value=\"Anguilla\">anguila<\/option><option value=\"Antarctica\">Ant\u00e1rtida<\/option><option value=\"Antigua and Barbuda\">Antigua y Barbuda<\/option><option value=\"Argentina\">Argentina<\/option><option value=\"Armenia\">Armenia<\/option><option value=\"Aruba\">Aruba<\/option><option value=\"Australia\">Australia<\/option><option value=\"Austria\">Austria<\/option><option value=\"Azerbaijan\">Azerbaiy\u00e1n<\/option><option value=\"Bahamas\">bahamas<\/option><option value=\"Bahrain\">Bar\u00e9in<\/option><option value=\"Bangladesh\">bangladesh<\/option><option value=\"Barbados\">barbados<\/option><option value=\"Belarus\">Bielorrusia<\/option><option value=\"Belgium\">B\u00e9lgica<\/option><option value=\"Belize\">Belice<\/option><option value=\"Benin\">Ben\u00edn<\/option><option value=\"Bermuda\">islas Bermudas<\/option><option value=\"Bhutan\">But\u00e1n<\/option><option value=\"Bolivia\">Bolivia<\/option><option value=\"Bonaire, Sint Eustatius and Saba\">Bonaire, San Eustaquio y Saba<\/option><option value=\"Bosnia and Herzegovina\">Bosnia y Herzegovina<\/option><option value=\"Botswana\">Botsuana<\/option><option value=\"Bouvet Island\">Isla Bouvet<\/option><option value=\"Brazil\">Brasil<\/option><option value=\"British Indian Ocean Territory\">Territorio Brit\u00e1nico del Oc\u00e9ano \u00cdndico<\/option><option value=\"Brunei Darussalam\">Brunei Darussalam<\/option><option value=\"Bulgaria\">Bulgaria<\/option><option value=\"Burkina Faso\">Burkina Faso<\/option><option value=\"Burundi\">Burundi<\/option><option value=\"Cabo Verde\">Cabo Verde<\/option><option value=\"Cambodia\">Camboya<\/option><option value=\"Cameroon\">Camer\u00fan<\/option><option value=\"Canada\">Canad\u00e1<\/option><option value=\"Cayman Islands\">Islas Caim\u00e1n<\/option><option value=\"Central African Republic\">Rep\u00fablica Centroafricana<\/option><option value=\"Chad\">Chad<\/option><option value=\"Chile\">Chile<\/option><option value=\"China\">Porcelana<\/option><option value=\"Christmas Island\">Isla de Navidad<\/option><option value=\"Cocos Islands\">Islas Cocos<\/option><option value=\"Colombia\">Colombia<\/option><option value=\"Comoros\">Comoras<\/option><option value=\"Congo\">Congo<\/option><option value=\"Congo, Democratic Republic of the\">Congo, Rep\u00fablica Democr\u00e1tica del<\/option><option value=\"Cook Islands\">Islas Cook<\/option><option value=\"Costa Rica\">Costa Rica<\/option><option value=\"Croatia\">Croacia<\/option><option value=\"Cuba\">Cuba<\/option><option value=\"Cura\u00e7ao\">curazao<\/option><option value=\"Cyprus\">Chipre<\/option><option value=\"Czechia\">Chequia<\/option><option value=\"C\u00f4te d'Ivoire\">costa de marfil<\/option><option value=\"Denmark\">Dinamarca<\/option><option value=\"Djibouti\">Yibuti<\/option><option value=\"Dominica\">Dominica<\/option><option value=\"Dominican Republic\">Rep\u00fablica Dominicana<\/option><option value=\"Ecuador\">Ecuador<\/option><option value=\"Egypt\">Egipto<\/option><option value=\"El Salvador\">El Salvador<\/option><option value=\"Equatorial Guinea\">Guinea Ecuatorial<\/option><option value=\"Eritrea\">Eritrea<\/option><option value=\"Estonia\">Estonia<\/option><option value=\"Eswatini\">Esuatini<\/option><option value=\"Ethiopia\">Etiop\u00eda<\/option><option value=\"Falkland Islands\">Islas Malvinas<\/option><option value=\"Faroe Islands\">Islas Faroe<\/option><option value=\"Fiji\">Fiyi<\/option><option value=\"Finland\">Finlandia<\/option><option value=\"France\">Francia<\/option><option value=\"French Guiana\">Guayana Francesa<\/option><option value=\"French Polynesia\">Polinesia franc\u00e9s<\/option><option value=\"French Southern Territories\">Territorios Franceses del Sur<\/option><option value=\"Gabon\">Gab\u00f3n<\/option><option value=\"Gambia\">Gambia<\/option><option value=\"Georgia\">Georgia<\/option><option value=\"Germany\">Alemania<\/option><option value=\"Ghana\">Ghana<\/option><option value=\"Gibraltar\">Gibraltar<\/option><option value=\"Greece\">Grecia<\/option><option value=\"Greenland\">Groenlandia<\/option><option value=\"Grenada\">Granada<\/option><option value=\"Guadeloupe\">Guadalupe<\/option><option value=\"Guam\">Guam<\/option><option value=\"Guatemala\">Guatemala<\/option><option value=\"Guernsey\">Guernesey<\/option><option value=\"Guinea\">Guinea<\/option><option value=\"Guinea-Bissau\">Guinea-Bis\u00e1u<\/option><option value=\"Guyana\">Guayana<\/option><option value=\"Haiti\">Hait\u00ed<\/option><option value=\"Heard Island and McDonald Islands\">Islas Heard y McDonald<\/option><option value=\"Holy See\">Santa Sede<\/option><option value=\"Honduras\">Honduras<\/option><option value=\"Hong Kong\">Hong Kong<\/option><option value=\"Hungary\">Hungr\u00eda<\/option><option value=\"Iceland\">Islandia<\/option><option value=\"India\">India<\/option><option value=\"Indonesia\">Indonesia<\/option><option value=\"Iran\">Ir\u00e1n<\/option><option value=\"Iraq\">Irak<\/option><option value=\"Ireland\">Irlanda<\/option><option value=\"Isle of Man\">Isla del hombre<\/option><option value=\"Israel\">Israel<\/option><option value=\"Italy\">Italia<\/option><option value=\"Jamaica\">Jamaica<\/option><option value=\"Japan\">Jap\u00f3n<\/option><option value=\"Jersey\">Jersey<\/option><option value=\"Jordan\">Jord\u00e1n<\/option><option value=\"Kazakhstan\">Kazajist\u00e1n<\/option><option value=\"Kenya\">Kenia<\/option><option value=\"Kiribati\">Kiribati<\/option><option value=\"Korea, Democratic People's Republic of\">Rep\u00fablica de Corea, Popular Democr\u00e1tica de<\/option><option value=\"Korea, Republic of\">Corea, rep\u00fablica de<\/option><option value=\"Kuwait\">Kuwait<\/option><option value=\"Kyrgyzstan\">Kirguist\u00e1n<\/option><option value=\"Lao People's Democratic Republic\">Rep\u00fablica Democr\u00e1tica Popular Lao<\/option><option value=\"Latvia\">letonia<\/option><option value=\"Lebanon\">L\u00edbano<\/option><option value=\"Lesotho\">Lesoto<\/option><option value=\"Liberia\">Liberia<\/option><option value=\"Libya\">Libia<\/option><option value=\"Liechtenstein\">Liechtenstein<\/option><option value=\"Lithuania\">Lituania<\/option><option value=\"Luxembourg\">luxemburgo<\/option><option value=\"Macao\">Macao<\/option><option value=\"Madagascar\">Madagascar<\/option><option value=\"Malawi\">Malaui<\/option><option value=\"Malaysia\">Malasia<\/option><option value=\"Maldives\">Maldivas<\/option><option value=\"Mali\">Mal\u00ed<\/option><option value=\"Malta\">Malta<\/option><option value=\"Marshall Islands\">Islas Marshall<\/option><option value=\"Martinique\">Martinica<\/option><option value=\"Mauritania\">Mauritania<\/option><option value=\"Mauritius\">Mauricio<\/option><option value=\"Mayotte\">Mayotte<\/option><option value=\"Mexico\">M\u00e9xico<\/option><option value=\"Micronesia\">Micronesia<\/option><option value=\"Moldova\">Moldavia<\/option><option value=\"Monaco\">M\u00f3naco<\/option><option value=\"Mongolia\">Mongolia<\/option><option value=\"Montenegro\">montenegro<\/option><option value=\"Montserrat\">Montserrat<\/option><option value=\"Morocco\">Marruecos<\/option><option value=\"Mozambique\">Mozambique<\/option><option value=\"Myanmar\">Birmania<\/option><option value=\"Namibia\">Namibia<\/option><option value=\"Nauru\">Nauru<\/option><option value=\"Nepal\">Nepal<\/option><option value=\"Netherlands\">Pa\u00edses Bajos<\/option><option value=\"New Caledonia\">Nueva Caledonia<\/option><option value=\"New Zealand\">Nueva Zelanda<\/option><option value=\"Nicaragua\">Nicaragua<\/option><option value=\"Niger\">N\u00edger<\/option><option value=\"Nigeria\">Nigeria<\/option><option value=\"Niue\">Niue<\/option><option value=\"Norfolk Island\">Isla Norfolk<\/option><option value=\"North Macedonia\">macedonia del norte<\/option><option value=\"Northern Mariana Islands\">Islas Marianas del Norte<\/option><option value=\"Norway\">Noruega<\/option><option value=\"Oman\">Om\u00e1n<\/option><option value=\"Pakistan\">Pakist\u00e1n<\/option><option value=\"Palau\">palaos<\/option><option value=\"Palestine, State of\">Palestina, Estado de<\/option><option value=\"Panama\">Panam\u00e1<\/option><option value=\"Papua New Guinea\">Pap\u00faa Nueva Guinea<\/option><option value=\"Paraguay\">Paraguay<\/option><option value=\"Peru\">Per\u00fa<\/option><option value=\"Philippines\">Filipinas<\/option><option value=\"Pitcairn\">pitcairn<\/option><option value=\"Poland\">Polonia<\/option><option value=\"Portugal\">Portugal<\/option><option value=\"Puerto Rico\">Puerto Rico<\/option><option value=\"Qatar\">Katar<\/option><option value=\"Romania\">Rumania<\/option><option value=\"Russian Federation\">Federaci\u00f3n Rusa<\/option><option value=\"Rwanda\">Ruanda<\/option><option value=\"R\u00e9union\">Reuni\u00f3n<\/option><option value=\"Saint Barth\u00e9lemy\">San Bartolom\u00e9<\/option><option value=\"Saint Helena, Ascension and Tristan da Cunha\">Santa Elena, Ascensi\u00f3n y Tristan da Cunha<\/option><option value=\"Saint Kitts and Nevis\">San Crist\u00f3bal y Nieves<\/option><option value=\"Saint Lucia\">Santa Luc\u00eda<\/option><option value=\"Saint Martin\">San Mart\u00edn<\/option><option value=\"Saint Pierre and Miquelon\">San Pedro y Miquel\u00f3n<\/option><option value=\"Saint Vincent and the Grenadines\">San Vicente y las Granadinas<\/option><option value=\"Samoa\">samoa<\/option><option value=\"San Marino\">San Marino<\/option><option value=\"Sao Tome and Principe\">Santo Tom\u00e9 y Pr\u00edncipe<\/option><option value=\"Saudi Arabia\">Arabia Saudita<\/option><option value=\"Senegal\">Senegal<\/option><option value=\"Serbia\">Serbia<\/option><option value=\"Seychelles\">Seychelles<\/option><option value=\"Sierra Leone\">Sierra Leona<\/option><option value=\"Singapore\">Singapur<\/option><option value=\"Sint Maarten\">San Mart\u00edn<\/option><option value=\"Slovakia\">Eslovaquia<\/option><option value=\"Slovenia\">Eslovenia<\/option><option value=\"Solomon Islands\">Islas Salom\u00f3n<\/option><option value=\"Somalia\">Somalia<\/option><option value=\"South Africa\">Sud\u00e1frica<\/option><option value=\"South Georgia and the South Sandwich Islands\">Georgia del sur y las islas Sandwich del sur<\/option><option value=\"South Sudan\">Sud\u00e1n del Sur<\/option><option value=\"Spain\">Espa\u00f1a<\/option><option value=\"Sri Lanka\">Sri Lanka<\/option><option value=\"Sudan\">Sud\u00e1n<\/option><option value=\"Suriname\">Surinam<\/option><option value=\"Svalbard and Jan Mayen\">Svalbard y Jan Mayen<\/option><option value=\"Sweden\">Suecia<\/option><option value=\"Switzerland\">Suiza<\/option><option value=\"Syria Arab Republic\">Rep\u00fablica \u00c1rabe Siria<\/option><option value=\"Taiwan\">Taiw\u00e1n<\/option><option value=\"Tajikistan\">Tayikist\u00e1n<\/option><option value=\"Tanzania, the United Republic of\">Tanzania, la Rep\u00fablica Unida de<\/option><option value=\"Thailand\">Tailandia<\/option><option value=\"Timor-Leste\">Timor Oriental<\/option><option value=\"Togo\">Para llevar<\/option><option value=\"Tokelau\">Tokelau<\/option><option value=\"Tonga\">tonga<\/option><option value=\"Trinidad and Tobago\">Trinidad y Tobago<\/option><option value=\"Tunisia\">T\u00fanez<\/option><option value=\"Turkmenistan\">turkmenist\u00e1n<\/option><option value=\"Turks and Caicos Islands\">Islas Turcas y Caicos<\/option><option value=\"Tuvalu\">Tuvalu<\/option><option value=\"T\u00fcrkiye\">Turqu\u00eda<\/option><option value=\"US Minor Outlying Islands\">Islas menores alejadas de EE. UU.<\/option><option value=\"Uganda\">Uganda<\/option><option value=\"Ukraine\">Ucrania<\/option><option value=\"United Arab Emirates\">Emiratos \u00c1rabes Unidos<\/option><option value=\"United Kingdom\">Reino Unido<\/option><option value=\"United States\">Estados Unidos<\/option><option value=\"Uruguay\">Uruguay<\/option><option value=\"Uzbekistan\">Uzbekist\u00e1n<\/option><option value=\"Vanuatu\">Vanuatu<\/option><option value=\"Venezuela\">Venezuela<\/option><option value=\"Viet Nam\">Vietnam<\/option><option value=\"Virgin Islands, British\">Islas V\u00edrgenes Brit\u00e1nicas<\/option><option value=\"Virgin Islands, U.S.\">Islas V\u00edrgenes, EE. UU.<\/option><option value=\"Wallis and Futuna\">Wallis y Futuna<\/option><option value=\"Western Sahara\">Sahara Occidental<\/option><option value=\"Yemen\">Yemen<\/option><option value=\"Zambia\">Zambia<\/option><option value=\"Zimbabwe\">Zimbabue<\/option><option value=\"\u00c5land Islands\">Islas Aland<\/option><\/select>\n                                        <label for=\"input_4_4_6\" id=\"input_4_4_6_label\">Pa\u00eds<\/label>\n                <\/fieldset><label class=\"gfield_label\" for=\"input_4_3\">Tel\u00e9fono<\/label><input name=\"input_3\" id=\"input_4_3\" type=\"tel\" value=\"\" class=\"large\" tabindex=\"112\" aria-invalid=\"false\"><label class=\"gfield_label\" for=\"input_4_5\">Correo electr\u00f3nico<\/label>\n                            <input name=\"input_5\" id=\"input_4_5\" type=\"email\" value=\"\" class=\"large\" tabindex=\"113\" aria-invalid=\"false\" aria-describedby=\"gfield_description_4_5\">\n                        el correo electr\u00f3nico asociado con el reclamo de desempleo que envi\u00f3<label class=\"gfield_label\" for=\"input_4_6\">N\u00famero local<\/label><input name=\"input_6\" id=\"input_4_6\" type=\"text\" value=\"\" class=\"large\" aria-describedby=\"gfield_description_4_6\" tabindex=\"114\" aria-invalid=\"false\"> (es decir, Trabajadores Local 355, Local 1191, etc.)\n<label class=\"gfield_label\" for=\"input_4_7\">N\u00famero de reclamo de la UIA<\/label><input name=\"input_7\" id=\"input_4_7\" type=\"text\" value=\"\" class=\"large\" tabindex=\"115\" aria-invalid=\"false\"> <label class=\"gfield_label\" for=\"input_4_8\">Una breve descripci\u00f3n de su reclamo y los problemas que tiene con la Agencia de Seguro de Desempleo (UIA).<\/label><input name=\"input_8\" id=\"input_4_8\" type=\"text\" value=\"\" class=\"large\" tabindex=\"116\" aria-invalid=\"false\"> <label class=\"gfield_label\" for=\"input_4_9\">Cualquier informaci\u00f3n adicional que pueda proporcionar que crea que ser\u00eda valiosa para que el Consejo del Distrito de Trabajadores sepa que puede ser \u00fatil para ayudarlo en su reclamo. Si no tiene nada que agregar, escriba n\/a.<\/label><textarea name=\"input_9\" id=\"input_4_9\" class=\"textarea small\" tabindex=\"117\" aria-invalid=\"false\" rows=\"10\" cols=\"50\"><\/textarea>\n         <input type=\"submit\" id=\"gform_submit_button_4\" class=\"gform_button button\" value=\"Entregar\" tabindex=\"118\" onclick=\"if(window[&quot;gf_submitting_4&quot;]){return false;}  if( !jQuery(&quot;#gform_4&quot;)[0].checkValidity || jQuery(&quot;#gform_4&quot;)[0].checkValidity()){window[&quot;gf_submitting_4&quot;]=true;}  \" onkeypress=\"if( event.keyCode == 13 ){ if(window[&quot;gf_submitting_4&quot;]){return false;} if( !jQuery(&quot;#gform_4&quot;)[0].checkValidity || jQuery(&quot;#gform_4&quot;)[0].checkValidity()){window[&quot;gf_submitting_4&quot;]=true;}  jQuery(&quot;#gform_4&quot;).trigger(&quot;submit&quot;,[true]); }\"> <input type=\"hidden\" name=\"gform_ajax\" value=\"form_id=4&amp;title=1&amp;description=1&amp;tabindex=100\">\n            <input type=\"hidden\" class=\"gform_hidden\" name=\"is_submit_4\" value=\"1\">\n            <input type=\"hidden\" class=\"gform_hidden\" name=\"gform_submit\" value=\"4\">\n            <input type=\"hidden\" class=\"gform_hidden\" name=\"gform_unique_id\" value=\"\">\n            <input type=\"hidden\" class=\"gform_hidden\" name=\"state_4\" value=\"WyJbXSIsIjUwMGNmZTYyNGFhZDFkNDA5NmI1NjgyMjc0YzU5MmMyIl0=\">\n            <input type=\"hidden\" class=\"gform_hidden\" name=\"gform_target_page_number_4\" id=\"gform_target_page_number_4\" value=\"0\">\n            <input type=\"hidden\" class=\"gform_hidden\" name=\"gform_source_page_number_4\" id=\"gform_source_page_number_4\" value=\"1\">\n            <input type=\"hidden\" name=\"gform_field_values\" value=\"\">\n                        <input type=\"hidden\" name=\"trp-form-language\" value=\"es\"\/><\/form>\n                <iframe style=\"display:none;width:0px;height:0px;\" src=\"about:blank\" name=\"gform_ajax_frame_4\" id=\"gform_ajax_frame_4\" title=\"Este iframe contiene la l\u00f3gica requerida para manejar Gravity Forms con tecnolog\u00eda Ajax.\"><\/iframe>","protected":false},"excerpt":{"rendered":"<p>Michigan Laborers Unemployment Assistance Form Complete this form if and only if you are having difficulties with the Michigan Unemployment Insurance Agency (UIA) processing your unemployment claim. A member of the Laborers District Council will be in touch about your claim within a few business days. Name First Last Address Street Address Address Line 2 [&hellip;]<\/p>","protected":false},"author":1,"featured_media":0,"parent":0,"menu_order":0,"comment_status":"closed","ping_status":"closed","template":"","meta":{"_uag_custom_page_level_css":"","site-sidebar-layout":"default","site-content-layout":"","ast-site-content-layout":"default","site-content-style":"default","site-sidebar-style":"default","ast-global-header-display":"","ast-banner-title-visibility":"","ast-main-header-display":"","ast-hfb-above-header-display":"","ast-hfb-below-header-display":"","ast-hfb-mobile-header-display":"","site-post-title":"disabled","ast-breadcrumbs-content":"","ast-featured-img":"","footer-sml-layout":"","theme-transparent-header-meta":"","adv-header-id-meta":"","stick-header-meta":"","header-above-stick-meta":"","header-main-stick-meta":"","header-below-stick-meta":"","astra-migrate-meta-layouts":"default","ast-page-background-enabled":"default","ast-page-background-meta":{"desktop":{"background-color":"var(--ast-global-color-4)","background-image":"","background-repeat":"repeat","background-position":"center center","background-size":"auto","background-attachment":"scroll","background-type":"","background-media":"","overlay-type":"","overlay-color":"","overlay-opacity":"","overlay-gradient":""},"tablet":{"background-color":"","background-image":"","background-repeat":"repeat","background-position":"center center","background-size":"auto","background-attachment":"scroll","background-type":"","background-media":"","overlay-type":"","overlay-color":"","overlay-opacity":"","overlay-gradient":""},"mobile":{"background-color":"","background-image":"","background-repeat":"repeat","background-position":"center center","background-size":"auto","background-attachment":"scroll","background-type":"","background-media":"","overlay-type":"","overlay-color":"","overlay-opacity":"","overlay-gradient":""}},"ast-content-background-meta":{"desktop":{"background-color":"var(--ast-global-color-5)","background-image":"","background-repeat":"repeat","background-position":"center center","background-size":"auto","background-attachment":"scroll","background-type":"","background-media":"","overlay-type":"","overlay-color":"","overlay-opacity":"","overlay-gradient":""},"tablet":{"background-color":"var(--ast-global-color-5)","background-image":"","background-repeat":"repeat","background-position":"center center","background-size":"auto","background-attachment":"scroll","background-type":"","background-media":"","overlay-type":"","overlay-color":"","overlay-opacity":"","overlay-gradient":""},"mobile":{"background-color":"var(--ast-global-color-5)","background-image":"","background-repeat":"repeat","background-position":"center center","background-size":"auto","background-attachment":"scroll","background-type":"","background-media":"","overlay-type":"","overlay-color":"","overlay-opacity":"","overlay-gradient":""}},"footnotes":""},"class_list":["post-817","page","type-page","status-publish","hentry"],"uagb_featured_image_src":{"full":false,"thumbnail":false,"medium":false,"medium_large":false,"large":false,"1536x1536":false,"2048x2048":false,"trp-custom-language-flag":false,"gform-image-choice-sm":false,"gform-image-choice-md":false,"gform-image-choice-lg":false},"uagb_author_info":{"display_name":"LIUNA Staff","author_link":"https:\/\/liunalocal1329.org\/es\/news\/author\/6e5baa101308fa9d\/"},"uagb_comment_info":0,"uagb_excerpt":"Michigan Laborers Unemployment Assistance Form Complete this form if and only if you are having difficulties with the Michigan Unemployment Insurance Agency (UIA) processing your unemployment claim. A member of the Laborers District Council will be in touch about your claim within a few business days. Name First Last Address Street Address Address Line 2&hellip;","_links":{"self":[{"href":"https:\/\/liunalocal1329.org\/es\/wp-json\/wp\/v2\/pages\/817","targetHints":{"allow":["GET"]}}],"collection":[{"href":"https:\/\/liunalocal1329.org\/es\/wp-json\/wp\/v2\/pages"}],"about":[{"href":"https:\/\/liunalocal1329.org\/es\/wp-json\/wp\/v2\/types\/page"}],"author":[{"embeddable":true,"href":"https:\/\/liunalocal1329.org\/es\/wp-json\/wp\/v2\/users\/1"}],"replies":[{"embeddable":true,"href":"https:\/\/liunalocal1329.org\/es\/wp-json\/wp\/v2\/comments?post=817"}],"version-history":[{"count":2,"href":"https:\/\/liunalocal1329.org\/es\/wp-json\/wp\/v2\/pages\/817\/revisions"}],"predecessor-version":[{"id":830,"href":"https:\/\/liunalocal1329.org\/es\/wp-json\/wp\/v2\/pages\/817\/revisions\/830"}],"wp:attachment":[{"href":"https:\/\/liunalocal1329.org\/es\/wp-json\/wp\/v2\/media?parent=817"}],"curies":[{"name":"wp","href":"https:\/\/api.w.org\/{rel}","templated":true}]}}