{"id":715,"date":"2022-08-04T23:16:56","date_gmt":"2022-08-05T04:16:56","guid":{"rendered":"https:\/\/liunalocal1329.org\/?page_id=715"},"modified":"2023-05-23T12:43:24","modified_gmt":"2023-05-23T17:43:24","slug":"chris-chwalek-copy","status":"publish","type":"page","link":"https:\/\/liunalocal1329.org\/es\/careers\/1329\/josh-fruik","title":{"rendered":"Josh Fruik"},"content":{"rendered":"<h1>\n\t\t\u00danete a LIUNA\n\t<\/h1>\n\t\t\t<a href=\"#form\" target=\"_self\" role=\"button\" aria-label=\"HABLEMOS\" rel=\"noopener\">\n\t\t\t\t\t\t\tHABLEMOS\n\t\t<\/a>\n\t<h2>\n\t\t\t\tComplete \u00e9ste formulario\n\t\t\t<\/h2>\n\t\t\t<p>Todos los d\u00edas, miles de trabajadores se presentan para construir Michigan. Han elegido la carrera profesional que mejor se adapta a ellos: trabajo divertido, salario por hora garantizado, atenci\u00f3n m\u00e9dica incre\u00edble y jubilaci\u00f3n.<\/p>\t\n\t<iframe loading=\"lazy\" src=\"https:\/\/airtable.com\/embed\/shrzH9G5spiNDn7VF?prefill_Form+Source=Josh+Fruik&#038;hide_Form+Source=true&#038;backgroundColor=green\" frameborder=\"0\" onmousewheel=\"\" width=\"100%\" height=\"1754\"><\/iframe>\n\n\t<h3>Representante de ventas<\/h3>\n(M) (906) 235-7547<br \/>\n<a href=\"mailto:cchwalek@liunagroc.com\">Correo electr\u00f3nico<\/a>\n\t<p>\u00bfInteresado en un trabajo de construcci\u00f3n en toda la pen\u00ednsula superior? El Local 1329 ubica a personas con contratistas en los siguientes campos: construcci\u00f3n de carreteras y puentes, trabajos de tuber\u00edas de petr\u00f3leo y gas natural, alcantarillado y agua subterr\u00e1neos, trabajos industriales, trabajos comerciales, energ\u00eda renovable y v\u00edas fluviales.<\/p>\n<p>Estamos buscando activamente personas que deseen comenzar una carrera en la construcci\u00f3n.<\/p>\n<p>La experiencia es un plus pero no es un requisito. Tenemos un centro de capacitaci\u00f3n ubicado en Iron Mountain y brindamos clases de capacitaci\u00f3n todos los a\u00f1os para nuestros aprendices y miembros que buscan mejorar sus conocimientos de construcci\u00f3n.<\/p>\n<p>A los miembros se les paga para asistir a la capacitaci\u00f3n, seguro de salud pagado por el empleador, excelentes salarios y una pensi\u00f3n, estos son algunos de los beneficios que se obtienen al unirse al local 1329.<\/p>\n<p>Mi nombre es Josh Fruik, y he sido parte de Laborers Local 1329 durante 12 a\u00f1os. Me ataba las botas de trabajo mientras mis amigos iban a la universidad. He trabajado en centrales el\u00e9ctricas, f\u00e1bricas de papel, oleoductos y gasoductos, universidades universitarias y minas de mineral de hierro. Comenc\u00e9 como organizador en 2020 para ayudar a las personas a comenzar con los trabajadores y disfrutar de los beneficios que recibimos como miembros del sindicato.<\/p>\n\t\t\t\t<img loading=\"lazy\" decoding=\"async\" src=\"https:\/\/liunalocal1329.org\/wp-content\/uploads\/2022\/09\/OUS-JoshFruik-2-e1658948061981-square.jpg\" alt=\"OUS-JoshFruik-2-e1658948061981-square\" itemprop=\"image\" height=\"800\" width=\"800\" title=\"OUS-JoshFruik-2-e1658948061981-cuadrado\" onerror=\"this.style.display='none'\"  \/>","protected":false},"excerpt":{"rendered":"<p>Join LIUNA LET&#8217;S TALK Fill out this form Everyday thousands of workers show up to build Michigan.They have chosen the career path that best suits them &#8211; fun work, guaranteed hourly wage, incredible healthcare, and retirement. Marketing Representative (M) (906) 235-7547 Email Interested in a construction job throughout the Upper Peninsula? Local 1329 places individuals [&hellip;]<\/p>","protected":false},"author":1,"featured_media":611,"parent":0,"menu_order":0,"comment_status":"closed","ping_status":"closed","template":"","meta":{"_uag_custom_page_level_css":"","site-sidebar-layout":"default","site-content-layout":"page-builder","ast-site-content-layout":"default","site-content-style":"default","site-sidebar-style":"default","ast-global-header-display":"","ast-banner-title-visibility":"","ast-main-header-display":"","ast-hfb-above-header-display":"","ast-hfb-below-header-display":"","ast-hfb-mobile-header-display":"","site-post-title":"disabled","ast-breadcrumbs-content":"","ast-featured-img":"disabled","footer-sml-layout":"","theme-transparent-header-meta":"","adv-header-id-meta":"","stick-header-meta":"","header-above-stick-meta":"","header-main-stick-meta":"","header-below-stick-meta":"","astra-migrate-meta-layouts":"default","ast-page-background-enabled":"default","ast-page-background-meta":{"desktop":{"background-color":"var(--ast-global-color-4)","background-image":"","background-repeat":"repeat","background-position":"center center","background-size":"auto","background-attachment":"scroll","background-type":"","background-media":"","overlay-type":"","overlay-color":"","overlay-opacity":"","overlay-gradient":""},"tablet":{"background-color":"","background-image":"","background-repeat":"repeat","background-position":"center center","background-size":"auto","background-attachment":"scroll","background-type":"","background-media":"","overlay-type":"","overlay-color":"","overlay-opacity":"","overlay-gradient":""},"mobile":{"background-color":"","background-image":"","background-repeat":"repeat","background-position":"center center","background-size":"auto","background-attachment":"scroll","background-type":"","background-media":"","overlay-type":"","overlay-color":"","overlay-opacity":"","overlay-gradient":""}},"ast-content-background-meta":{"desktop":{"background-color":"var(--ast-global-color-5)","background-image":"","background-repeat":"repeat","background-position":"center center","background-size":"auto","background-attachment":"scroll","background-type":"","background-media":"","overlay-type":"","overlay-color":"","overlay-opacity":"","overlay-gradient":""},"tablet":{"background-color":"var(--ast-global-color-5)","background-image":"","background-repeat":"repeat","background-position":"center center","background-size":"auto","background-attachment":"scroll","background-type":"","background-media":"","overlay-type":"","overlay-color":"","overlay-opacity":"","overlay-gradient":""},"mobile":{"background-color":"var(--ast-global-color-5)","background-image":"","background-repeat":"repeat","background-position":"center center","background-size":"auto","background-attachment":"scroll","background-type":"","background-media":"","overlay-type":"","overlay-color":"","overlay-opacity":"","overlay-gradient":""}},"footnotes":""},"class_list":["post-715","page","type-page","status-publish","has-post-thumbnail","hentry"],"uagb_featured_image_src":{"full":["https:\/\/liunalocal1329.org\/wp-content\/uploads\/2022\/07\/ChrisChwalek_Photo-e1658948422789.jpeg",993,993,false],"thumbnail":["https:\/\/liunalocal1329.org\/wp-content\/uploads\/2022\/07\/ChrisChwalek_Photo-e1658948422789-150x150.jpeg",150,150,true],"medium":["https:\/\/liunalocal1329.org\/wp-content\/uploads\/2022\/07\/ChrisChwalek_Photo-e1658948422789-300x300.jpeg",300,300,true],"medium_large":["https:\/\/liunalocal1329.org\/wp-content\/uploads\/2022\/07\/ChrisChwalek_Photo-e1658948422789-768x768.jpeg",768,768,true],"large":["https:\/\/liunalocal1329.org\/wp-content\/uploads\/2022\/07\/ChrisChwalek_Photo-768x1024.jpeg",768,1024,true],"1536x1536":["https:\/\/liunalocal1329.org\/wp-content\/uploads\/2022\/07\/ChrisChwalek_Photo-e1658948422789.jpeg",993,993,false],"2048x2048":["https:\/\/liunalocal1329.org\/wp-content\/uploads\/2022\/07\/ChrisChwalek_Photo-e1658948422789.jpeg",993,993,false],"trp-custom-language-flag":["https:\/\/liunalocal1329.org\/wp-content\/uploads\/2022\/07\/ChrisChwalek_Photo-e1658948422789-12x12.jpeg",12,12,true],"gform-image-choice-sm":["https:\/\/liunalocal1329.org\/wp-content\/uploads\/2022\/07\/ChrisChwalek_Photo-e1658948422789.jpeg",300,300,false],"gform-image-choice-md":["https:\/\/liunalocal1329.org\/wp-content\/uploads\/2022\/07\/ChrisChwalek_Photo-e1658948422789.jpeg",400,400,false],"gform-image-choice-lg":["https:\/\/liunalocal1329.org\/wp-content\/uploads\/2022\/07\/ChrisChwalek_Photo-e1658948422789.jpeg",600,600,false]},"uagb_author_info":{"display_name":"LIUNA Staff","author_link":"https:\/\/liunalocal1329.org\/es\/news\/author\/6e5baa101308fa9d\/"},"uagb_comment_info":0,"uagb_excerpt":"Join LIUNA LET&#8217;S TALK Fill out this form Everyday thousands of workers show up to build Michigan.They have chosen the career path that best suits them &#8211; fun work, guaranteed hourly wage, incredible healthcare, and retirement. Marketing Representative (M) (906) 235-7547 Email Interested in a construction job throughout the Upper Peninsula? Local 1329 places individuals&hellip;","_links":{"self":[{"href":"https:\/\/liunalocal1329.org\/es\/wp-json\/wp\/v2\/pages\/715","targetHints":{"allow":["GET"]}}],"collection":[{"href":"https:\/\/liunalocal1329.org\/es\/wp-json\/wp\/v2\/pages"}],"about":[{"href":"https:\/\/liunalocal1329.org\/es\/wp-json\/wp\/v2\/types\/page"}],"author":[{"embeddable":true,"href":"https:\/\/liunalocal1329.org\/es\/wp-json\/wp\/v2\/users\/1"}],"replies":[{"embeddable":true,"href":"https:\/\/liunalocal1329.org\/es\/wp-json\/wp\/v2\/comments?post=715"}],"version-history":[{"count":10,"href":"https:\/\/liunalocal1329.org\/es\/wp-json\/wp\/v2\/pages\/715\/revisions"}],"predecessor-version":[{"id":1435,"href":"https:\/\/liunalocal1329.org\/es\/wp-json\/wp\/v2\/pages\/715\/revisions\/1435"}],"wp:featuredmedia":[{"embeddable":true,"href":"https:\/\/liunalocal1329.org\/es\/wp-json\/wp\/v2\/media\/611"}],"wp:attachment":[{"href":"https:\/\/liunalocal1329.org\/es\/wp-json\/wp\/v2\/media?parent=715"}],"curies":[{"name":"wp","href":"https:\/\/api.w.org\/{rel}","templated":true}]}}