{"id":671,"date":"2022-08-01T23:59:53","date_gmt":"2022-08-02T04:59:53","guid":{"rendered":"https:\/\/liunalocal1329.org\/?page_id=671"},"modified":"2022-08-02T00:00:29","modified_gmt":"2022-08-02T05:00:29","slug":"vote1329","status":"publish","type":"page","link":"https:\/\/liunalocal1329.org\/es\/vote1329\/","title":{"rendered":"Votar1329"},"content":{"rendered":"<h1>LiUNA Local 1329 2020 Endosos<\/h1>\n<p>A continuaci\u00f3n encontrar\u00e1 los endosos de Michigan Laborers Local 1329 2020. Si desea verificar su registro de votante, buscar su lugar de votaci\u00f3n o encontrar un buz\u00f3n de entrega de boletas en ausencia, vaya a <a href=\"https:\/\/michigan.gov\/Vote\">Michigan.gov\/Vote<\/a>.<\/p>\n\t\t\t\t<img decoding=\"async\" src=\"http:\/\/liunalocal1329.org\/wp-content\/uploads\/2022\/08\/58221MLDC_1329.png\" alt=\"58221+MLDC_1329\" itemprop=\"image\" title=\"58221+MLDC_1329\" onerror=\"this.style.display='none'\">","protected":false},"excerpt":{"rendered":"<p>Endosos de LiUNA Local 1329 2020 A continuaci\u00f3n encontrar\u00e1 los endosos de Michigan Laborers Local 1329 2020. Si desea verificar su registro de votante, buscar su lugar de votaci\u00f3n o encontrar un buz\u00f3n de entrega de boletas en ausencia, visite Michigan.gov\/Vote.<\/p>","protected":false},"author":1,"featured_media":0,"parent":0,"menu_order":0,"comment_status":"closed","ping_status":"closed","template":"","meta":{"_uag_custom_page_level_css":"","site-sidebar-layout":"default","site-content-layout":"","ast-site-content-layout":"default","site-content-style":"default","site-sidebar-style":"default","ast-global-header-display":"","ast-banner-title-visibility":"","ast-main-header-display":"","ast-hfb-above-header-display":"","ast-hfb-below-header-display":"","ast-hfb-mobile-header-display":"","site-post-title":"disabled","ast-breadcrumbs-content":"","ast-featured-img":"","footer-sml-layout":"","theme-transparent-header-meta":"","adv-header-id-meta":"","stick-header-meta":"","header-above-stick-meta":"","header-main-stick-meta":"","header-below-stick-meta":"","astra-migrate-meta-layouts":"default","ast-page-background-enabled":"default","ast-page-background-meta":{"desktop":{"background-color":"var(--ast-global-color-4)","background-image":"","background-repeat":"repeat","background-position":"center center","background-size":"auto","background-attachment":"scroll","background-type":"","background-media":"","overlay-type":"","overlay-color":"","overlay-opacity":"","overlay-gradient":""},"tablet":{"background-color":"","background-image":"","background-repeat":"repeat","background-position":"center center","background-size":"auto","background-attachment":"scroll","background-type":"","background-media":"","overlay-type":"","overlay-color":"","overlay-opacity":"","overlay-gradient":""},"mobile":{"background-color":"","background-image":"","background-repeat":"repeat","background-position":"center center","background-size":"auto","background-attachment":"scroll","background-type":"","background-media":"","overlay-type":"","overlay-color":"","overlay-opacity":"","overlay-gradient":""}},"ast-content-background-meta":{"desktop":{"background-color":"var(--ast-global-color-5)","background-image":"","background-repeat":"repeat","background-position":"center center","background-size":"auto","background-attachment":"scroll","background-type":"","background-media":"","overlay-type":"","overlay-color":"","overlay-opacity":"","overlay-gradient":""},"tablet":{"background-color":"var(--ast-global-color-5)","background-image":"","background-repeat":"repeat","background-position":"center center","background-size":"auto","background-attachment":"scroll","background-type":"","background-media":"","overlay-type":"","overlay-color":"","overlay-opacity":"","overlay-gradient":""},"mobile":{"background-color":"var(--ast-global-color-5)","background-image":"","background-repeat":"repeat","background-position":"center center","background-size":"auto","background-attachment":"scroll","background-type":"","background-media":"","overlay-type":"","overlay-color":"","overlay-opacity":"","overlay-gradient":""}},"footnotes":""},"class_list":["post-671","page","type-page","status-publish","hentry"],"uagb_featured_image_src":{"full":false,"thumbnail":false,"medium":false,"medium_large":false,"large":false,"1536x1536":false,"2048x2048":false,"trp-custom-language-flag":false,"gform-image-choice-sm":false,"gform-image-choice-md":false,"gform-image-choice-lg":false},"uagb_author_info":{"display_name":"LIUNA Staff","author_link":"https:\/\/liunalocal1329.org\/es\/news\/author\/6e5baa101308fa9d\/"},"uagb_comment_info":0,"uagb_excerpt":"LiUNA Local 1329 2020 Endorsements Below you will find the Michigan Laborers Local 1329 2020 Endorsements. If you would like to check your voter registration, lookup your polling place, or find a Absentee Ballot Drop Box go to Michigan.gov\/Vote.","_links":{"self":[{"href":"https:\/\/liunalocal1329.org\/es\/wp-json\/wp\/v2\/pages\/671","targetHints":{"allow":["GET"]}}],"collection":[{"href":"https:\/\/liunalocal1329.org\/es\/wp-json\/wp\/v2\/pages"}],"about":[{"href":"https:\/\/liunalocal1329.org\/es\/wp-json\/wp\/v2\/types\/page"}],"author":[{"embeddable":true,"href":"https:\/\/liunalocal1329.org\/es\/wp-json\/wp\/v2\/users\/1"}],"replies":[{"embeddable":true,"href":"https:\/\/liunalocal1329.org\/es\/wp-json\/wp\/v2\/comments?post=671"}],"version-history":[{"count":3,"href":"https:\/\/liunalocal1329.org\/es\/wp-json\/wp\/v2\/pages\/671\/revisions"}],"predecessor-version":[{"id":675,"href":"https:\/\/liunalocal1329.org\/es\/wp-json\/wp\/v2\/pages\/671\/revisions\/675"}],"wp:attachment":[{"href":"https:\/\/liunalocal1329.org\/es\/wp-json\/wp\/v2\/media?parent=671"}],"curies":[{"name":"wp","href":"https:\/\/api.w.org\/{rel}","templated":true}]}}