{"id":21,"date":"2022-05-20T12:13:55","date_gmt":"2022-05-20T12:13:55","guid":{"rendered":"http:\/\/liunalocal1329.org\/?page_id=21"},"modified":"2025-09-08T15:14:01","modified_gmt":"2025-09-08T20:14:01","slug":"contact","status":"publish","type":"page","link":"https:\/\/liunalocal1329.org\/es\/contact\/","title":{"rendered":"Contacto"},"content":{"rendered":"<h1>\n\t\t\t\tContact Us \n\t\t\t<\/h1>\n\t<p><strong>LIUNA - Uni\u00f3n Internacional de Trabajadores de Am\u00e9rica del Norte<\/strong> \u2013 representa a los trabajadores que est\u00e1n orgullosos de construir Michigan. Estamos unidos a trav\u00e9s de convenios colectivos para obtener mejores salarios, m\u00e1s trabajo y mayores oportunidades para nuestra fuerza laboral sindicalizada.<\/p>\n\t<h3>\n\t\t\t\tLooking Lor Your Local Union Meeting Schedule?\n\t\t\t<\/h3>\n\t\t\t<p>Schedule of Union Meetings for 2025<\/p>\t\n\t\t\t<a href=\"https:\/\/liunalocal1329.org\/wp-content\/uploads\/2025\/09\/Magnet-schedule2025.pdf\" title=\"Haga clic aqu\u00ed\" target=\"_self\"   role=\"button\" aria-label=\"Download The Schedule\">\n\t\t\t\t\t\t\tDownload The Schedule\n\t\t<\/a>","protected":false},"excerpt":{"rendered":"<p>Contact Us LIUNA &#8211; the Laborers&#8217; International Union of North America &#8211; represents workers who are proud to build Michigan. We are united through collective bargaining agreements to get better pay, more work and greater opportunities for our unionized workforce. Looking Lor Your Local Union Meeting Schedule? Schedule of Union Meetings for 2025 Download The [&hellip;]<\/p>","protected":false},"author":1,"featured_media":0,"parent":0,"menu_order":0,"comment_status":"closed","ping_status":"closed","template":"","meta":{"_uag_custom_page_level_css":"","site-sidebar-layout":"no-sidebar","site-content-layout":"page-builder","ast-site-content-layout":"full-width-container","site-content-style":"unboxed","site-sidebar-style":"unboxed","ast-global-header-display":"","ast-banner-title-visibility":"","ast-main-header-display":"","ast-hfb-above-header-display":"","ast-hfb-below-header-display":"","ast-hfb-mobile-header-display":"","site-post-title":"disabled","ast-breadcrumbs-content":"","ast-featured-img":"disabled","footer-sml-layout":"","theme-transparent-header-meta":"","adv-header-id-meta":"","stick-header-meta":"","header-above-stick-meta":"","header-main-stick-meta":"","header-below-stick-meta":"","astra-migrate-meta-layouts":"set","ast-page-background-enabled":"default","ast-page-background-meta":{"desktop":{"background-color":"var(--ast-global-color-4)","background-image":"","background-repeat":"repeat","background-position":"center center","background-size":"auto","background-attachment":"scroll","background-type":"","background-media":"","overlay-type":"","overlay-color":"","overlay-opacity":"","overlay-gradient":""},"tablet":{"background-color":"","background-image":"","background-repeat":"repeat","background-position":"center center","background-size":"auto","background-attachment":"scroll","background-type":"","background-media":"","overlay-type":"","overlay-color":"","overlay-opacity":"","overlay-gradient":""},"mobile":{"background-color":"","background-image":"","background-repeat":"repeat","background-position":"center center","background-size":"auto","background-attachment":"scroll","background-type":"","background-media":"","overlay-type":"","overlay-color":"","overlay-opacity":"","overlay-gradient":""}},"ast-content-background-meta":{"desktop":{"background-color":"var(--ast-global-color-5)","background-image":"","background-repeat":"repeat","background-position":"center center","background-size":"auto","background-attachment":"scroll","background-type":"","background-media":"","overlay-type":"","overlay-color":"","overlay-opacity":"","overlay-gradient":""},"tablet":{"background-color":"var(--ast-global-color-5)","background-image":"","background-repeat":"repeat","background-position":"center center","background-size":"auto","background-attachment":"scroll","background-type":"","background-media":"","overlay-type":"","overlay-color":"","overlay-opacity":"","overlay-gradient":""},"mobile":{"background-color":"var(--ast-global-color-5)","background-image":"","background-repeat":"repeat","background-position":"center center","background-size":"auto","background-attachment":"scroll","background-type":"","background-media":"","overlay-type":"","overlay-color":"","overlay-opacity":"","overlay-gradient":""}},"footnotes":""},"class_list":["post-21","page","type-page","status-publish","hentry"],"uagb_featured_image_src":{"full":false,"thumbnail":false,"medium":false,"medium_large":false,"large":false,"1536x1536":false,"2048x2048":false,"trp-custom-language-flag":false,"gform-image-choice-sm":false,"gform-image-choice-md":false,"gform-image-choice-lg":false},"uagb_author_info":{"display_name":"LIUNA Staff","author_link":"https:\/\/liunalocal1329.org\/es\/news\/author\/6e5baa101308fa9d\/"},"uagb_comment_info":0,"uagb_excerpt":"Contact Us LIUNA &#8211; the Laborers&#8217; International Union of North America &#8211; represents workers who are proud to build Michigan. We are united through collective bargaining agreements to get better pay, more work and greater opportunities for our unionized workforce. Looking Lor Your Local Union Meeting Schedule? Schedule of Union Meetings for 2025 Download The&hellip;","_links":{"self":[{"href":"https:\/\/liunalocal1329.org\/es\/wp-json\/wp\/v2\/pages\/21","targetHints":{"allow":["GET"]}}],"collection":[{"href":"https:\/\/liunalocal1329.org\/es\/wp-json\/wp\/v2\/pages"}],"about":[{"href":"https:\/\/liunalocal1329.org\/es\/wp-json\/wp\/v2\/types\/page"}],"author":[{"embeddable":true,"href":"https:\/\/liunalocal1329.org\/es\/wp-json\/wp\/v2\/users\/1"}],"replies":[{"embeddable":true,"href":"https:\/\/liunalocal1329.org\/es\/wp-json\/wp\/v2\/comments?post=21"}],"version-history":[{"count":38,"href":"https:\/\/liunalocal1329.org\/es\/wp-json\/wp\/v2\/pages\/21\/revisions"}],"predecessor-version":[{"id":1708,"href":"https:\/\/liunalocal1329.org\/es\/wp-json\/wp\/v2\/pages\/21\/revisions\/1708"}],"wp:attachment":[{"href":"https:\/\/liunalocal1329.org\/es\/wp-json\/wp\/v2\/media?parent=21"}],"curies":[{"name":"wp","href":"https:\/\/api.w.org\/{rel}","templated":true}]}}