{"id":19,"date":"2022-05-20T12:13:55","date_gmt":"2022-05-20T12:13:55","guid":{"rendered":"http:\/\/liunalocal1329.org\/?page_id=19"},"modified":"2026-02-12T08:22:59","modified_gmt":"2026-02-12T14:22:59","slug":"training","status":"publish","type":"page","link":"https:\/\/liunalocal1329.org\/es\/training\/","title":{"rendered":"Capacitaci\u00f3n"},"content":{"rendered":"<h1>\n\t\t\tSeguir aprendiendo. Sigue ganando.\t<\/h1>\n\t\t<h3><a href=\"https:\/\/www.google.com\/maps\/place\/Michigan+Laborers+Training\/@45.8090877,-88.0282587,17z\/data=!3m1!4b1!4m5!3m4!1s0x4d524ead057d4a6f:0x6105c451d0a93c46!8m2!3d45.809084!4d-88.02607\" target=\"_blank\"  rel=\"noopener\">VISIT THE IRON MOUNTAIN TRAINING CENTER<\/a><\/h3>W-8008 Sur de EE. UU. 2<br \/>\nMonta\u00f1a de Hierro, MI 49801\n<p><a href=\"tel:9067745703\">(906) 774-5703<\/a><\/p>\n\t\t\t<a href=\"https:\/\/www.google.com\/maps\/place\/Michigan+Laborers+Training\/@45.8090877,-88.0282587,17z\/data=!3m1!4b1!4m5!3m4!1s0x4d524ead057d4a6f:0x6105c451d0a93c46!8m2!3d45.809084!4d-88.02607\" target=\"_blank\" rel=\"noopener\">\n\t\t\t\t\t\t\tObtener las direcciones\n\t\t\t\t\t<\/a>\n\t\t\t\t<img decoding=\"async\" src=\"https:\/\/liunalocal1329.org\/wp-content\/uploads\/2026\/02\/Class-Schedule-2026-3.jpg\" alt=\"Class-Schedule-2026-3.jpg\" itemprop=\"image\" title=\"Class-Schedule-2026-3.jpg\" onerror=\"this.style.display='none'\" loading=\"lazy\" \/>\n<h2>\n\t\t\tLas clases m\u00e1s populares incluyen:\t<\/h2>\n\t\t\t\t\t\t<img decoding=\"async\" alt=\"\" src=\"https:\/\/liunalocal1329.org\/wp-content\/uploads\/2022\/06\/Training.FormSetting.png\"\/>\n\t\t<h3>Form Setting &amp; Checking<\/h3>\n\t\t\t<p>aprenda matem\u00e1ticas de construcci\u00f3n y c\u00f3mo establecer formas para plataformas de concreto, aceras, bordillos, canaletas e instalaciones b\u00e1sicas de forma de pared.<\/p>\n\t\t\t\t\t\t<img decoding=\"async\" alt=\"\" src=\"https:\/\/liunalocal1329.org\/wp-content\/uploads\/2022\/06\/Training.Concrete.png\"\/>\n\t\t<h3>Concreto<\/h3>\n\t\t\t<p>clases en tecnolog\u00eda de concreto, consolidaci\u00f3n y acabado decorativo de concreto.<\/p>\n\t\t\t\t\t\t<img decoding=\"async\" alt=\"\" src=\"http:\/\/liunalocal1329.org\/wp-content\/uploads\/2022\/06\/Training.CutBurn.png\"\/>\n\t\t<h3>Cutting &amp; Burning<\/h3>\n\t\t\t<p>aprender sobre los deberes b\u00e1sicos de vigilancia contra incendios, pruebas e inspecci\u00f3n de equipos, y los peligros y propiedades de los gases de oxicombustible.<\/p>\n\t\t\t\t\t\t<img decoding=\"async\" alt=\"\" src=\"http:\/\/liunalocal1329.org\/wp-content\/uploads\/2022\/06\/TrainingAsbestos.png\"\/>\n\t\t<h3>Asbestos Worker &amp; Supervisor<\/h3>\n\t\t\t<p>aprenda la seguridad general del sitio, las pr\u00e1cticas recomendadas, las t\u00e9cnicas de reducci\u00f3n, la preparaci\u00f3n del \u00e1rea de trabajo y la instalaci\u00f3n de una unidad de descontaminaci\u00f3n.<\/p>\n\t\t\t\t\t\t<img decoding=\"async\" alt=\"\" src=\"https:\/\/liunalocal1329.org\/wp-content\/uploads\/2022\/06\/Osha30.png\"\/>\n\t\t<h3>Osha 10 &amp; 30<\/h3>\n\t\t\t<p>aprender los peligros para la salud de OSHA de la construcci\u00f3n y el uso de PPE. Tarjetas OSHA emitidas al finalizar.<\/p>\n\t\t\t\t\t\t<img decoding=\"async\" alt=\"\" src=\"http:\/\/liunalocal1329.org\/wp-content\/uploads\/2022\/06\/TrainingHazmat.png\"\/>\n\t\t<h3>Trabajador de Residuos Peligrosos<\/h3>\n\t\t\t<p>aprenda la seguridad general del sitio, las regulaciones, las actividades de limpieza, c\u00f3mo comunicar los peligros al personal del sitio.<\/p>\n\t\t\t\t\t\t<img decoding=\"async\" alt=\"\" src=\"http:\/\/liunalocal1329.org\/wp-content\/uploads\/2022\/06\/Training.QualifiedRigger.png\"\/>\n\t\t<h3>Qualified Rigger &amp; Signal Person<\/h3>\n\t\t\t<p>aprenda las t\u00e9cnicas de aparejo adecuadas, los procedimientos de trabajo, c\u00f3mo inspeccionar el hardware de aparejo y las se\u00f1ales manuales para la operaci\u00f3n de la gr\u00faa.<\/p>\n\t\t\t\t\t\t<img decoding=\"async\" alt=\"\" src=\"http:\/\/liunalocal1329.org\/wp-content\/uploads\/2022\/06\/Training.PipelineWorker.png\"\/>\n\t\t<h3>trabajador de oleoducto<\/h3>\n\t\t\t<p>Aprenda los peligros de trabajar cerca de excavaciones, trincheras, equipos de elevaci\u00f3n y excavaci\u00f3n. C\u00f3mo probar y cuidar los revestimientos, y m\u00e1s.<\/p>\n\t\t\t\t\t\t<img decoding=\"async\" alt=\"\" src=\"http:\/\/liunalocal1329.org\/wp-content\/uploads\/2022\/06\/Training.CDL_.png\"\/>\n\t\t<h3>Conductor CDL<\/h3>\n\t\t\t<p>Practique dar marcha atr\u00e1s, estacionar e inspeccionar veh\u00edculos comerciales.<\/p>\n\t\t<h2>Gana dinero para aprender<\/h2>\n\t\t\t\t<p>Inscr\u00edbete en las clases, gana dinero para aprender. <br \/>Expande tu carrera con cada clase que tomes.<\/p>\n\t\t\t<a href=\"https:\/\/mltai.org\/\" title=\"Haga clic aqu\u00ed\" target=\"_blank\" rel=\"noopener\"  role=\"button\" aria-label=\"REG\u00cdSTRATE HOY\">\n\t\t\t\t\t\t\tREG\u00cdSTRATE HOY\n\t\t<\/a>\n\t<iframe allowfullscreen allow=\"autoplay\" data-src=\"https:\/\/player.vimeo.com\/video\/747306825?color&amp;autopause=0&amp;loop=0&amp;muted=0&amp;title=0&amp;portrait=0&amp;byline=0&amp;h=dfbac8cf57\"><\/iframe>\t\n\t<p>Aprenda sobre el Centro de Capacitaci\u00f3n de Trabajadores de Michigan.<\/p>\n\t<iframe allowfullscreen allow=\"autoplay\" data-src=\"https:\/\/player.vimeo.com\/video\/747381887?color&amp;autopause=0&amp;loop=0&amp;muted=0&amp;title=0&amp;portrait=0&amp;byline=0&amp;h\"><\/iframe>\t\n\t<p>El programa de aprendizaje a trav\u00e9s de la formaci\u00f3n de trabajadores de Michigan.<\/p>","protected":false},"excerpt":{"rendered":"<p>Keep Learning. Keep Earning. VISIT THE IRON MOUNTAIN TRAINING CENTER W-8008 South US 2 Iron Mountain, MI 49801 (906) 774-5703 Get Directions Most popular classes include: Form Setting &amp; Checking learn construction math and how to set forms for concrete pads, sidewalks, curb, gutter, and basic wall form installations. Concrete classes in concrete tech, consolidation, [&hellip;]<\/p>","protected":false},"author":1,"featured_media":0,"parent":0,"menu_order":0,"comment_status":"closed","ping_status":"closed","template":"","meta":{"_uag_custom_page_level_css":"","site-sidebar-layout":"no-sidebar","site-content-layout":"page-builder","ast-site-content-layout":"full-width-container","site-content-style":"unboxed","site-sidebar-style":"unboxed","ast-global-header-display":"","ast-banner-title-visibility":"","ast-main-header-display":"","ast-hfb-above-header-display":"","ast-hfb-below-header-display":"","ast-hfb-mobile-header-display":"","site-post-title":"disabled","ast-breadcrumbs-content":"","ast-featured-img":"disabled","footer-sml-layout":"","theme-transparent-header-meta":"","adv-header-id-meta":"","stick-header-meta":"","header-above-stick-meta":"","header-main-stick-meta":"","header-below-stick-meta":"","astra-migrate-meta-layouts":"set","ast-page-background-enabled":"default","ast-page-background-meta":{"desktop":{"background-color":"var(--ast-global-color-4)","background-image":"","background-repeat":"repeat","background-position":"center center","background-size":"auto","background-attachment":"scroll","background-type":"","background-media":"","overlay-type":"","overlay-color":"","overlay-opacity":"","overlay-gradient":""},"tablet":{"background-color":"","background-image":"","background-repeat":"repeat","background-position":"center center","background-size":"auto","background-attachment":"scroll","background-type":"","background-media":"","overlay-type":"","overlay-color":"","overlay-opacity":"","overlay-gradient":""},"mobile":{"background-color":"","background-image":"","background-repeat":"repeat","background-position":"center center","background-size":"auto","background-attachment":"scroll","background-type":"","background-media":"","overlay-type":"","overlay-color":"","overlay-opacity":"","overlay-gradient":""}},"ast-content-background-meta":{"desktop":{"background-color":"var(--ast-global-color-5)","background-image":"","background-repeat":"repeat","background-position":"center center","background-size":"auto","background-attachment":"scroll","background-type":"","background-media":"","overlay-type":"","overlay-color":"","overlay-opacity":"","overlay-gradient":""},"tablet":{"background-color":"var(--ast-global-color-5)","background-image":"","background-repeat":"repeat","background-position":"center center","background-size":"auto","background-attachment":"scroll","background-type":"","background-media":"","overlay-type":"","overlay-color":"","overlay-opacity":"","overlay-gradient":""},"mobile":{"background-color":"var(--ast-global-color-5)","background-image":"","background-repeat":"repeat","background-position":"center center","background-size":"auto","background-attachment":"scroll","background-type":"","background-media":"","overlay-type":"","overlay-color":"","overlay-opacity":"","overlay-gradient":""}},"footnotes":""},"class_list":["post-19","page","type-page","status-publish","hentry"],"uagb_featured_image_src":{"full":false,"thumbnail":false,"medium":false,"medium_large":false,"large":false,"1536x1536":false,"2048x2048":false,"trp-custom-language-flag":false,"gform-image-choice-sm":false,"gform-image-choice-md":false,"gform-image-choice-lg":false},"uagb_author_info":{"display_name":"LIUNA Staff","author_link":"https:\/\/liunalocal1329.org\/es\/news\/author\/6e5baa101308fa9d\/"},"uagb_comment_info":0,"uagb_excerpt":"Keep Learning. Keep Earning. VISIT THE IRON MOUNTAIN TRAINING CENTER W-8008 South US 2 Iron Mountain, MI 49801 (906) 774-5703 Get Directions Most popular classes include: Form Setting &amp; Checking learn construction math and how to set forms for concrete pads, sidewalks, curb, gutter, and basic wall form installations. Concrete classes in concrete tech, consolidation,&hellip;","_links":{"self":[{"href":"https:\/\/liunalocal1329.org\/es\/wp-json\/wp\/v2\/pages\/19","targetHints":{"allow":["GET"]}}],"collection":[{"href":"https:\/\/liunalocal1329.org\/es\/wp-json\/wp\/v2\/pages"}],"about":[{"href":"https:\/\/liunalocal1329.org\/es\/wp-json\/wp\/v2\/types\/page"}],"author":[{"embeddable":true,"href":"https:\/\/liunalocal1329.org\/es\/wp-json\/wp\/v2\/users\/1"}],"replies":[{"embeddable":true,"href":"https:\/\/liunalocal1329.org\/es\/wp-json\/wp\/v2\/comments?post=19"}],"version-history":[{"count":50,"href":"https:\/\/liunalocal1329.org\/es\/wp-json\/wp\/v2\/pages\/19\/revisions"}],"predecessor-version":[{"id":1747,"href":"https:\/\/liunalocal1329.org\/es\/wp-json\/wp\/v2\/pages\/19\/revisions\/1747"}],"wp:attachment":[{"href":"https:\/\/liunalocal1329.org\/es\/wp-json\/wp\/v2\/media?parent=19"}],"curies":[{"name":"wp","href":"https:\/\/api.w.org\/{rel}","templated":true}]}}