{"id":17,"date":"2022-05-20T12:13:55","date_gmt":"2022-05-20T12:13:55","guid":{"rendered":"http:\/\/liunalocal1329.org\/?page_id=17"},"modified":"2025-09-08T14:42:00","modified_gmt":"2025-09-08T19:42:00","slug":"members","status":"publish","type":"page","link":"https:\/\/liunalocal1329.org\/es\/members\/","title":{"rendered":"Miembros"},"content":{"rendered":"<p>trabajadores de Michigan,<\/p>\n<p>LIUNA ofrece mejores trabajos, m\u00e1s salarios y la mejor atenci\u00f3n m\u00e9dica. Luchamos por sus trabajos, sus salarios y su seguridad. Exigimos que sus jefes creen los lugares de trabajo m\u00e1s justos y seguros y que lo traten con dignidad.\u00a0<\/p>\n\t\t\t\t<img decoding=\"async\" src=\"https:\/\/liunalocal1329.org\/wp-content\/plugins\/bb-plugin\/img\/pixel.png\" alt=\"\" itemprop=\"image\" onerror=\"this.style.display='none'\"  \/>\n\t<a href=\"https:\/\/liunalocal1329.org\/wp-content\/uploads\/2024\/02\/Magnet-schedule.pdf\" class=\"pdfemb-viewer\" style=\"\" data-width=\"max\" data-height=\"max\" data-toolbar=\"bottom\" data-toolbar-fixed=\"off\">Magnet-schedule<\/a>\n\t<p>Member Forms<\/p>\n\t<p><a href=\"https:\/\/liunalocal1329.org\/es\/training\/\">Solicitud para tomar una clase<\/a><\/p>\n<p><a href=\"https:\/\/liunalocal1329.org\/es\/authorization-for-representation\/\">Autorizaci\u00f3n de representaci\u00f3n\u00a0<\/a><\/p>\n<p><a href=\"https:\/\/liunalocal1329.org\/es\/assignment-and-authorization-request\/\">Assignment and Authorization Request<\/a><\/p>\n<p><a href=\"https:\/\/liunalocal1329.org\/wp-content\/uploads\/2024\/02\/MICHIGAN-LABORERS-VACATION-FUND-PAYEE-DEPOSIT-AGREEMENT.pdf\">Acuerdo de dep\u00f3sito del fondo de vacaciones<\/a><\/p>\n\t<h3>\n\t\t\t\tLocal 1329 is Buiding<br \/>Michigan&#8217;s Upper Peninsula\n\t\t\t<\/h3>\n\t\t\t\t<img loading=\"lazy\" decoding=\"async\" src=\"https:\/\/liunalocal1329.org\/wp-content\/uploads\/2023\/08\/Map.png\" alt=\"Map\" itemprop=\"image\" height=\"903\" width=\"1000\" title=\"Map\" onerror=\"this.style.display='none'\"  \/>\n\t<p>\u201cLIUNA vela por el trabajador. No eres un esclavo de alg\u00fan empleador. LIUNA te respalda, te ayuda y te cuida\u201d.<\/p>\n\t<p>\u2013 Zach Sumney, miembro desde 2015<\/p>\n\t<a href=\"https:\/\/liunalocal1329.org\/es\/training\/\" target=\"_self\" aria-label=\"Vaya a https:\/\/liunalocal1329.org\/training\/\" rel=\"noopener\"><\/a>\n\t\t\t<h3>CAPACITACI\u00d3N<\/h3>\t\t\t\n\t\t\t\t<p>Gana dinero por aprender nuevas habilidades. Capac\u00edtese en uno de nuestros cuatro Centros de Capacitaci\u00f3n de Michigan. Se ofrecen m\u00e1s de 80 clases. Seguir aprendiendo. Sigue ganando. Reg\u00edstrese para una clase.<\/p>\n\t\t\t<a href=\"https:\/\/liunalocal1329.org\/es\/training\/\" target=\"_self\" role=\"button\" aria-label=\"M\u00e1s sobre la formaci\u00f3n\" rel=\"noopener\">\n\t\t\t\t\t\t\tM\u00e1s sobre la formaci\u00f3n\n\t\t<\/a>\n\t\t\t<h3>BENEFICIOS\/ATENCI\u00d3N M\u00c9DICA<\/h3>\t\t\t\n\t\t\t\t<p>For questions call the Fund Administrator at (877) 645-2267<\/p>\n<p>Ask in person at 6452 Millennium Drive, Ste 100,<br \/>Lansing MI 48917.<\/p>\n<p>To check your benefit status online, visit <a href=\"https:\/\/www.michiganlaborers.org\/\">https:\/\/www.michiganlaborers.org\/<\/a>.<\/p>","protected":false},"excerpt":{"rendered":"<p>Michigan workers, LIUNA provides better jobs, more pay, and the best healthcare. We fight for your jobs, your wages, and your safety. We demand your bosses create the fairest, safest job sites and treat you with dignity.\u00a0 Member Forms Request To Take A Class Authorization for Representation\u00a0 Assignment and Authorization Request Vacation Fund Deposit Agreement [&hellip;]<\/p>","protected":false},"author":1,"featured_media":0,"parent":0,"menu_order":0,"comment_status":"closed","ping_status":"closed","template":"","meta":{"_uag_custom_page_level_css":"","site-sidebar-layout":"no-sidebar","site-content-layout":"page-builder","ast-site-content-layout":"full-width-container","site-content-style":"unboxed","site-sidebar-style":"unboxed","ast-global-header-display":"","ast-banner-title-visibility":"","ast-main-header-display":"","ast-hfb-above-header-display":"","ast-hfb-below-header-display":"","ast-hfb-mobile-header-display":"","site-post-title":"disabled","ast-breadcrumbs-content":"","ast-featured-img":"disabled","footer-sml-layout":"","theme-transparent-header-meta":"","adv-header-id-meta":"","stick-header-meta":"","header-above-stick-meta":"","header-main-stick-meta":"","header-below-stick-meta":"","astra-migrate-meta-layouts":"set","ast-page-background-enabled":"default","ast-page-background-meta":{"desktop":{"background-color":"var(--ast-global-color-4)","background-image":"","background-repeat":"repeat","background-position":"center center","background-size":"auto","background-attachment":"scroll","background-type":"","background-media":"","overlay-type":"","overlay-color":"","overlay-opacity":"","overlay-gradient":""},"tablet":{"background-color":"","background-image":"","background-repeat":"repeat","background-position":"center center","background-size":"auto","background-attachment":"scroll","background-type":"","background-media":"","overlay-type":"","overlay-color":"","overlay-opacity":"","overlay-gradient":""},"mobile":{"background-color":"","background-image":"","background-repeat":"repeat","background-position":"center center","background-size":"auto","background-attachment":"scroll","background-type":"","background-media":"","overlay-type":"","overlay-color":"","overlay-opacity":"","overlay-gradient":""}},"ast-content-background-meta":{"desktop":{"background-color":"var(--ast-global-color-5)","background-image":"","background-repeat":"repeat","background-position":"center center","background-size":"auto","background-attachment":"scroll","background-type":"","background-media":"","overlay-type":"","overlay-color":"","overlay-opacity":"","overlay-gradient":""},"tablet":{"background-color":"var(--ast-global-color-5)","background-image":"","background-repeat":"repeat","background-position":"center center","background-size":"auto","background-attachment":"scroll","background-type":"","background-media":"","overlay-type":"","overlay-color":"","overlay-opacity":"","overlay-gradient":""},"mobile":{"background-color":"var(--ast-global-color-5)","background-image":"","background-repeat":"repeat","background-position":"center center","background-size":"auto","background-attachment":"scroll","background-type":"","background-media":"","overlay-type":"","overlay-color":"","overlay-opacity":"","overlay-gradient":""}},"footnotes":""},"class_list":["post-17","page","type-page","status-publish","hentry"],"uagb_featured_image_src":{"full":false,"thumbnail":false,"medium":false,"medium_large":false,"large":false,"1536x1536":false,"2048x2048":false,"trp-custom-language-flag":false,"gform-image-choice-sm":false,"gform-image-choice-md":false,"gform-image-choice-lg":false},"uagb_author_info":{"display_name":"LIUNA Staff","author_link":"https:\/\/liunalocal1329.org\/es\/news\/author\/6e5baa101308fa9d\/"},"uagb_comment_info":0,"uagb_excerpt":"Michigan workers, LIUNA provides better jobs, more pay, and the best healthcare. We fight for your jobs, your wages, and your safety. We demand your bosses create the fairest, safest job sites and treat you with dignity.\u00a0 Member Forms Request To Take A Class Authorization for Representation\u00a0 Assignment and Authorization Request Vacation Fund Deposit Agreement&hellip;","_links":{"self":[{"href":"https:\/\/liunalocal1329.org\/es\/wp-json\/wp\/v2\/pages\/17","targetHints":{"allow":["GET"]}}],"collection":[{"href":"https:\/\/liunalocal1329.org\/es\/wp-json\/wp\/v2\/pages"}],"about":[{"href":"https:\/\/liunalocal1329.org\/es\/wp-json\/wp\/v2\/types\/page"}],"author":[{"embeddable":true,"href":"https:\/\/liunalocal1329.org\/es\/wp-json\/wp\/v2\/users\/1"}],"replies":[{"embeddable":true,"href":"https:\/\/liunalocal1329.org\/es\/wp-json\/wp\/v2\/comments?post=17"}],"version-history":[{"count":77,"href":"https:\/\/liunalocal1329.org\/es\/wp-json\/wp\/v2\/pages\/17\/revisions"}],"predecessor-version":[{"id":1602,"href":"https:\/\/liunalocal1329.org\/es\/wp-json\/wp\/v2\/pages\/17\/revisions\/1602"}],"wp:attachment":[{"href":"https:\/\/liunalocal1329.org\/es\/wp-json\/wp\/v2\/media?parent=17"}],"curies":[{"name":"wp","href":"https:\/\/api.w.org\/{rel}","templated":true}]}}