{"id":16,"date":"2022-05-20T12:13:54","date_gmt":"2022-05-20T12:13:54","guid":{"rendered":"http:\/\/liunalocal1329.org\/?page_id=16"},"modified":"2026-04-24T08:21:43","modified_gmt":"2026-04-24T13:21:43","slug":"contractors","status":"publish","type":"page","link":"https:\/\/liunalocal1329.org\/es\/contractors\/","title":{"rendered":"Contratistas"},"content":{"rendered":"<h1>\n\t\t\tObtenga trabajadores calificados, confiables y con pruebas de drogas.\t<\/h1>\n<h3>\n\t\t\tAparecen. Est\u00e1n a tiempo y preparados.\t<\/h3>\n\t\t\t<a href=\"https:\/\/mi-laborers.org\/contact\/?type=Contractor%20Questions&#038;message=I%27m%20Interested%20in%20becoming%20a%20Union%20Contractor\" target=\"_self\">\n\t\t\t\t\t\t\tConvi\u00e9rtase en un contratista sindical\n\t\t\t\t\t<\/a>\n\t<h2>\n\t\t\t\tHojas de salarios\n\t\t\t<\/h2>\n\t\t\t\t\t\t<h4>Amianto<\/h4>\n\t\t\t<p><a href=\"https:\/\/liunalocal1329.org\/wp-content\/uploads\/2025\/09\/2025-Abatement-wage-sheet.pdf\">Tasas salariales de asbesto en todo el estado<\/a><\/p>\n\t\t\t\t\t\t<h4>Distribuci\u00f3n<\/h4>\n\t\t\t<p><a href=\"https:\/\/liunalocal1329.org\/wp-content\/uploads\/2026\/04\/2026-ZONE-2-DISTRIBUTION-RATES.pdf\">MITA-DISTRIBUCI\u00d3N \u2013 ZONA 2<\/a>(Condados de Alger, Baraga, Chippewa, Delta, Dickinson, Gogebic, Houghton, Iron, Keweenaw, Luce, Mackinaw, Marquette, Menominee, Ontonagon y Schoolcraft)<\/p>\n\t\t\t\t\t\t<h4> Construcci\u00f3n General AGC<\/h4>\n\t\t\t<p><a href=\"https:\/\/liunalocal1329.org\/wp-content\/uploads\/2025\/08\/AGC-Wage-Rates-2025.pdf\">SINDICATO LOCAL DE TRABAJADORES 1329<\/a> \u2013 AGC\/LRD (Todos los 15 condados en la pen\u00ednsula superior del estado de Michigan y el condado de Florence, Wisconsin y las ciudades de Niagara y Marinette, Wisconsin)<\/p>\n\t\t\t\t\t\t<h4>Residuos peligrosos<\/h4>\n\t\t\t<p>Comun\u00edquese con la Oficina del Concejo del Distrito para obtener informaci\u00f3n sobre las hojas de salarios de desechos peligrosos.<\/p>\n\t\t\t\t\t\t<h4>Tuber\u00eda<\/h4>\n\t\t\t<p><a href=\"https:\/\/liunalocal1329.org\/wp-content\/uploads\/2025\/09\/2025-PIPELINE-RATES.pdf\">Tarifas de tuber\u00eda<\/a><\/p>\n\t\t\t\t\t\t<h4>La carretera<\/h4>\n\t\t\t<p><a href=\"https:\/\/liunalocal1329.org\/wp-content\/uploads\/2025\/08\/MITA-Road-Wage-Rates.pdf\">MITA \u2013 ZONA 4<\/a>\u00a0(Todos los condados de la pen\u00ednsula superior del estado de Michigan)<\/p>\n\t\t\t\t\t\t<h4>Corte abierto subterr\u00e1neo<\/h4>\n\t\t\t<p><a href=\"https:\/\/liunalocal1329.org\/wp-content\/uploads\/2025\/09\/MITA-OC-5-2025.pdf\">CONVENIO MITA\/METRO \u2013 ZONA 5<\/a>\u00a0Toda la pen\u00ednsula superior de Michigan<\/p>\n\t\t\t\t\t\t<h4>T\u00fanel Subterr\u00e1neo \u2013 Pozo<\/h4>\n\t\t\t<p><a href=\"https:\/\/liunalocal1329.org\/wp-content\/uploads\/2025\/09\/MITA-Underground-Tunnel.pdf\">CONVENIO MITA\/ SUBTERR\u00c1NEO \u2013 ZONA 2<\/a>\u00a0(Todos los condados, excepto Wayne, Oakland y Macomb)<\/p>\n\t\t\t\t<a href=\"https:\/\/liunalocal1329.org\/es\/training\/\"  target=\"_self\" itemprop=\"url\">\n\t\t\t\t<img decoding=\"async\" src=\"https:\/\/liunalocal1329.org\/wp-content\/uploads\/bb-plugin\/cache\/Screen-Shot-2022-05-21-at-10.26.14-PM-1024x574-square-eee024f2151ac344db47ea7b0ad8b663-.png\" alt=\"Screen Shot 2022-05-21 at 10.26.14 PM\" itemprop=\"image\" height=\"574\" width=\"1024\" title=\"Captura de pantalla 2022-05-21 a las 22:26:14\" onerror=\"this.style.display='none'\" loading=\"lazy\" \/>\n\t\t\t\t<\/a>\n<h3><a href=\"https:\/\/liunalocal1329.org\/es\/training\/\" target=\"_self\">Entrenado y calificado<\/a><\/h3><p>Los trabajadores de LIUANA est\u00e1n capacitados y certificados por expertos en uno de nuestros cuatro centros de capacitaci\u00f3n de Michigan. M\u00e1s de 80 cursos, incluidos cursos especializados, construcci\u00f3n general, gas, capacitaci\u00f3n CDL, obras viales, subterr\u00e1neos y mucho m\u00e1s<\/p>\n\t\t\t<a href=\"https:\/\/liunalocal1329.org\/es\/training\/\" target=\"_self\">\n\t\t\t\t\t\t\tCAPACITACI\u00d3N\n\t\t\t\t\t<\/a>\n\t\t\t\t<img decoding=\"async\" src=\"https:\/\/liunalocal1329.org\/wp-content\/uploads\/bb-plugin\/cache\/liuna-hole-square-3813db8816f461bbc79ebf033c36c223-.jpeg\" alt=\"liuna-hole\" itemprop=\"image\" height=\"1125\" width=\"1500\" title=\"liuna-agujero\" onerror=\"this.style.display='none'\" loading=\"lazy\" \/>\n<h3>Confiable y Seguro<\/h3>\n<p>El Sindicato de Trabajadores le proporcionar\u00e1 trabajadores calificados cuando y donde los necesite. Nuestros trabajadores est\u00e1n capacitados para hacer el trabajo de manera segura, confiable y a tiempo.<\/p>\n\t\t\t\t<img decoding=\"async\" src=\"https:\/\/liunalocal1329.org\/wp-content\/uploads\/bb-plugin\/cache\/Screen-Shot-2022-05-21-at-10.27.43-PM-square-0df6418ce1feeb11152557f74f29d1b3-.png\" alt=\"Screen Shot 2022-05-21 at 10.27.43 PM\" itemprop=\"image\" height=\"1080\" width=\"1920\" title=\"Captura de pantalla 2022-05-21 a las 22:27:43\" onerror=\"this.style.display='none'\" loading=\"lazy\" \/>\n<h3>Probado contra drogas\u00a0\u00a0<\/h3><p>Los trabajadores se someten regularmente a pruebas de detecci\u00f3n de drogas en los lugares de trabajo. LIUNA administra 5000 pruebas de detecci\u00f3n de drogas al a\u00f1o. Garantizamos una fuerza laboral libre de drogas para los contratistas de LIUNA.<\/p>\n\t\t\t70%\n<h2>\n\t\t\t70% de los trabajos de infraestructura del gobierno requieren cuadrillas sindicales.\t<\/h2>\n\t<ul>\n\t\t<li>\t\t\t\t\n\t\t<h3>Los trabajadores baratos y sin formaci\u00f3n son peligrosos y poco fiables.<\/h3><p><h4>Evite demandas, excesos adicionales<\/h4><\/p><\/li><li>\t\t\t\t\n\t\t<h3>Consiga un equipo sindical consistente.<\/h3><p><h4>LIUNA le proporciona trabajadores locales especializados cuando y donde los necesite<\/h4><\/p><\/li>\t<\/ul>\n<h2>\n\t\t\t\u00bfBuscas hacer crecer tu negocio?\t<\/h2>\n<h2>\n\t\t\t\u00danase al programa de expansi\u00f3n del mercado de LIUNA\t<\/h2>\n\t<p>Mantenemos a nuestros contratistas signatarios actualizados sobre los pr\u00f3ximos proyectos y desarrollos m\u00e1s recientes. Incluyendo todos los contratos locales y federales. Nos enteramos sobre el trabajo temprano para que podamos presionar a nuestros contratistas para que tengan prioridad de licitaci\u00f3n sin costo alguno.<\/p>\n<h3>As\u00ed es como unirse:<\/h3>\n<ol>\n<li><a href=\"http:\/\/mep.lecet.org\">Perfil completo de la empresa<\/a><\/li>\n<li>Ingrese las ubicaciones en las que trabaja su empresa<\/li>\n<li>Ingresa el tipo de trabajo de tu empresa<\/li>\n<li>Obtenga clientes potenciales enviados directamente a usted<\/li>\n<\/ol>\n<p>LIUNA proporciona trabajadores capacitados para construir un Michigan mejor y m\u00e1s fuerte.<\/p>\n\t\t\t<a href=\"https:\/\/mep.lecet.org\/login\" title=\"Haga clic aqu\u00ed\" target=\"_blank\" rel=\"noopener\"  role=\"button\" aria-label=\"Comience con &lt;abbr title=&quot;Programa de Expansi\u00f3n de Mercado&quot;&gt;MEP&lt;\/abbr&gt;\">\n\t\t\t\t\t\t\tEmpezar con <abbr title=\"Programa de Expansi\u00f3n de Mercado\">eurodiputado<\/abbr>\n\t\t<\/a>\n\t<iframe allowfullscreen allow=\"autoplay\" data-src=\"https:\/\/player.vimeo.com\/video\/758144017?color&amp;autopause=0&amp;loop=0&amp;muted=0&amp;title=0&amp;portrait=0&amp;byline=0&amp;h=4cfaca0c7d\"><\/iframe>","protected":false},"excerpt":{"rendered":"<p>Get skilled, reliable and drug-tested workers. They show up. They&#8217;re on time and prepared. Become a Union Contractor Wage Sheets Asbestos Statewide Asbestos Wage Rates Distribution MITA-DISTRIBUTION &#8211; ZONE 2(Alger, Baraga, Chippewa, Delta, Dickinson, Gogebic, Houghton, Iron, Keweenaw, Luce, Mackinaw, Marquette, Menominee, Ontonagon and Schoolcraft Counties) General Construction AGC LABORERS&#8217; LOCAL UNION 1329 &#8211; AGC\/LRD [&hellip;]<\/p>","protected":false},"author":1,"featured_media":0,"parent":0,"menu_order":0,"comment_status":"closed","ping_status":"closed","template":"","meta":{"_uag_custom_page_level_css":"","site-sidebar-layout":"no-sidebar","site-content-layout":"page-builder","ast-site-content-layout":"full-width-container","site-content-style":"unboxed","site-sidebar-style":"unboxed","ast-global-header-display":"","ast-banner-title-visibility":"","ast-main-header-display":"","ast-hfb-above-header-display":"","ast-hfb-below-header-display":"","ast-hfb-mobile-header-display":"","site-post-title":"disabled","ast-breadcrumbs-content":"","ast-featured-img":"disabled","footer-sml-layout":"","theme-transparent-header-meta":"","adv-header-id-meta":"","stick-header-meta":"","header-above-stick-meta":"","header-main-stick-meta":"","header-below-stick-meta":"","astra-migrate-meta-layouts":"set","ast-page-background-enabled":"default","ast-page-background-meta":{"desktop":{"background-color":"var(--ast-global-color-4)","background-image":"","background-repeat":"repeat","background-position":"center center","background-size":"auto","background-attachment":"scroll","background-type":"","background-media":"","overlay-type":"","overlay-color":"","overlay-opacity":"","overlay-gradient":""},"tablet":{"background-color":"","background-image":"","background-repeat":"repeat","background-position":"center center","background-size":"auto","background-attachment":"scroll","background-type":"","background-media":"","overlay-type":"","overlay-color":"","overlay-opacity":"","overlay-gradient":""},"mobile":{"background-color":"","background-image":"","background-repeat":"repeat","background-position":"center center","background-size":"auto","background-attachment":"scroll","background-type":"","background-media":"","overlay-type":"","overlay-color":"","overlay-opacity":"","overlay-gradient":""}},"ast-content-background-meta":{"desktop":{"background-color":"var(--ast-global-color-5)","background-image":"","background-repeat":"repeat","background-position":"center center","background-size":"auto","background-attachment":"scroll","background-type":"","background-media":"","overlay-type":"","overlay-color":"","overlay-opacity":"","overlay-gradient":""},"tablet":{"background-color":"var(--ast-global-color-5)","background-image":"","background-repeat":"repeat","background-position":"center center","background-size":"auto","background-attachment":"scroll","background-type":"","background-media":"","overlay-type":"","overlay-color":"","overlay-opacity":"","overlay-gradient":""},"mobile":{"background-color":"var(--ast-global-color-5)","background-image":"","background-repeat":"repeat","background-position":"center center","background-size":"auto","background-attachment":"scroll","background-type":"","background-media":"","overlay-type":"","overlay-color":"","overlay-opacity":"","overlay-gradient":""}},"footnotes":""},"class_list":["post-16","page","type-page","status-publish","hentry"],"uagb_featured_image_src":{"full":false,"thumbnail":false,"medium":false,"medium_large":false,"large":false,"1536x1536":false,"2048x2048":false,"trp-custom-language-flag":false,"gform-image-choice-sm":false,"gform-image-choice-md":false,"gform-image-choice-lg":false},"uagb_author_info":{"display_name":"LIUNA Staff","author_link":"https:\/\/liunalocal1329.org\/es\/news\/author\/6e5baa101308fa9d\/"},"uagb_comment_info":0,"uagb_excerpt":"Get skilled, reliable and drug-tested workers. They show up. They&#8217;re on time and prepared. Become a Union Contractor Wage Sheets Asbestos Statewide Asbestos Wage Rates Distribution MITA-DISTRIBUTION &#8211; ZONE 2(Alger, Baraga, Chippewa, Delta, Dickinson, Gogebic, Houghton, Iron, Keweenaw, Luce, Mackinaw, Marquette, Menominee, Ontonagon and Schoolcraft Counties) General Construction AGC LABORERS&#8217; LOCAL UNION 1329 &#8211; AGC\/LRD&hellip;","_links":{"self":[{"href":"https:\/\/liunalocal1329.org\/es\/wp-json\/wp\/v2\/pages\/16","targetHints":{"allow":["GET"]}}],"collection":[{"href":"https:\/\/liunalocal1329.org\/es\/wp-json\/wp\/v2\/pages"}],"about":[{"href":"https:\/\/liunalocal1329.org\/es\/wp-json\/wp\/v2\/types\/page"}],"author":[{"embeddable":true,"href":"https:\/\/liunalocal1329.org\/es\/wp-json\/wp\/v2\/users\/1"}],"replies":[{"embeddable":true,"href":"https:\/\/liunalocal1329.org\/es\/wp-json\/wp\/v2\/comments?post=16"}],"version-history":[{"count":97,"href":"https:\/\/liunalocal1329.org\/es\/wp-json\/wp\/v2\/pages\/16\/revisions"}],"predecessor-version":[{"id":1761,"href":"https:\/\/liunalocal1329.org\/es\/wp-json\/wp\/v2\/pages\/16\/revisions\/1761"}],"wp:attachment":[{"href":"https:\/\/liunalocal1329.org\/es\/wp-json\/wp\/v2\/media?parent=16"}],"curies":[{"name":"wp","href":"https:\/\/api.w.org\/{rel}","templated":true}]}}