{"id":155,"date":"2022-05-21T23:08:58","date_gmt":"2022-05-22T06:08:58","guid":{"rendered":"https:\/\/liunalocal1329.org\/?page_id=155"},"modified":"2023-03-23T12:57:33","modified_gmt":"2023-03-23T17:57:33","slug":"request-an-endorsement","status":"publish","type":"page","link":"https:\/\/liunalocal1329.org\/es\/request-an-endorsement\/","title":{"rendered":"Solicitar un endoso"},"content":{"rendered":"<h1>\n\t\t\t\tEl dise\u00f1o es una palabra divertida.\n\t\t\t<\/h1>\n<h3>\n\t\tSi es un candidato a un cargo p\u00fablico que desea buscar nuestro respaldo para el ciclo electoral de 2022, complete el cuestionario correspondiente a continuaci\u00f3n.\n\t<\/h3>\n\t<h3>\n\t\t\t\tCandidato Municipal\n\t\t\t<\/h3>\n\t\t\t<p>(Condado\/Ciudad\/TWP)<\/p>\t\n\t\t\t<a href=\"https:\/\/liunalocal1329.org\/es\/mldc-local-office-endorsement-questionnaire\/\" target=\"_self\" rel=\"noopener\">\n\t\t\t\t\t\t\t\tCuestionario de Candidatos Municipales\t\t\t\t\t\t\t\n\t\t\t\t\t\t<\/a>\n\t<h3>\n\t\t\t\tCandidato Estatal\n\t\t\t<\/h3>\n\t\t\t<p>(En todo el estado\/Senado\/C\u00e1mara)<\/p>\t\n\t\t\t<a href=\"https:\/\/liunalocal1329.org\/es\/mldc-state-office-endorsement-questionnaire\/\" target=\"_self\" rel=\"noopener\">\n\t\t\t\t\t\t\t\tCuestionario de candidatos estatales\t\t\t\t\t\t\t\n\t\t\t\t\t\t<\/a>\n\t<h3>\n\t\t\t\t<a href=\"http:\/\/liunalocal1329.org\/wp-content\/uploads\/2022\/08\/LiUNA-2022-candidate-questionnaire-FINAL.pdf\" title=\"Candidato Federal\" target=\"_self\" rel=\"noopener\">\n\t\t\t\tCandidato Federal\n\t\t\t\t<\/a>\n\t\t\t<\/h3>\n\t\t\t<p>(Congreso)<\/p>\t\n\t\t\t<a href=\"http:\/\/liunalocal1329.org\/wp-content\/uploads\/2022\/08\/LiUNA-2022-candidate-questionnaire-FINAL.pdf\" target=\"_blank\" rel=\"noopener\">\n\t\t\t\t\t\t\t\tCuestionario de candidatos federales\t\t\t\t\t\t\t\n\t\t\t\t\t\t<\/a>\n\t<p>Recomendamos encarecidamente a los candidatos locales y estatales que completen el cuestionario utilizando el enlace Formulario de Google.<\/p>\nLos cuestionarios federales deben completarse utilizando el PDF anterior.<br \/>\nEnv\u00ede los cuestionarios completos a: 1118 Centennial Way, Ste 100, Lansing, MI 48917.\n<h3>\n\t\tRespaldos de LiUNA 2020\n\t<\/h3>\n\t<p>A continuaci\u00f3n encontrar\u00e1 los endosos de Michigan Laborers 2020. Comun\u00edquese con su sindicato local para obtener el respaldo de la oficina local o visite los siguientes enlaces. Si desea verificar su registro de votante, buscar su lugar de votaci\u00f3n o encontrar un buz\u00f3n de entrega de boletas en ausencia, visite Michigan.gov\/Vote.<\/p>\n\t\t\t<a href=\"https:\/\/liunalocal1329.org\/es\/vote355\/\" target=\"_self\" role=\"button\" rel=\"noopener\">\n\t\t\t\t\t\t\tLocal 355\n\t\t\t\t\t<\/a>\n\t\t\t<a href=\"https:\/\/liunalocal1329.org\/es\/vote499\/\" target=\"_self\" role=\"button\" rel=\"noopener\">\n\t\t\t\t\t\t\tlocal 499\n\t\t\t\t\t<\/a>\n\t\t\t<a href=\"https:\/\/liunalocal1329.org\/es\/vote1075\/\" target=\"_self\" role=\"button\" rel=\"noopener\">\n\t\t\t\t\t\t\tlocal 1075\n\t\t\t\t\t<\/a>\n\t\t\t<a href=\"https:\/\/liunalocal1329.org\/es\/vote1076\/\" target=\"_self\" role=\"button\" rel=\"noopener\">\n\t\t\t\t\t\t\tlocal 1076\n\t\t\t\t\t<\/a>\n\t\t\t<a href=\"https:\/\/liunalocal1329.org\/es\/vote1329\/\" target=\"_self\" role=\"button\" rel=\"noopener\">\n\t\t\t\t\t\t\tVoto 1329\n\t\t\t\t\t<\/a>","protected":false},"excerpt":{"rendered":"<p>Design is a funny word If you are a candidate for public office who would like to seek our endorsement for the 2022 election cycle, please complete the relevant questionnaire below. Municipal\u00a0 Candidate (County\/City\/TWP) Municipal Candidate Questionnaire State Candidate (Statewide\/Senate\/House) State Candidate Questionnaire Federal\u00a0 Candidate (Congress) Federal Candidate Questionnaire We highly encourage Local and State [&hellip;]<\/p>","protected":false},"author":1,"featured_media":0,"parent":0,"menu_order":0,"comment_status":"closed","ping_status":"closed","template":"","meta":{"_uag_custom_page_level_css":"","site-sidebar-layout":"no-sidebar","site-content-layout":"page-builder","ast-site-content-layout":"default","site-content-style":"default","site-sidebar-style":"default","ast-global-header-display":"","ast-banner-title-visibility":"","ast-main-header-display":"","ast-hfb-above-header-display":"","ast-hfb-below-header-display":"","ast-hfb-mobile-header-display":"","site-post-title":"disabled","ast-breadcrumbs-content":"","ast-featured-img":"disabled","footer-sml-layout":"","theme-transparent-header-meta":"","adv-header-id-meta":"","stick-header-meta":"","header-above-stick-meta":"","header-main-stick-meta":"","header-below-stick-meta":"","astra-migrate-meta-layouts":"default","ast-page-background-enabled":"default","ast-page-background-meta":{"desktop":{"background-color":"var(--ast-global-color-4)","background-image":"","background-repeat":"repeat","background-position":"center center","background-size":"auto","background-attachment":"scroll","background-type":"","background-media":"","overlay-type":"","overlay-color":"","overlay-opacity":"","overlay-gradient":""},"tablet":{"background-color":"","background-image":"","background-repeat":"repeat","background-position":"center center","background-size":"auto","background-attachment":"scroll","background-type":"","background-media":"","overlay-type":"","overlay-color":"","overlay-opacity":"","overlay-gradient":""},"mobile":{"background-color":"","background-image":"","background-repeat":"repeat","background-position":"center center","background-size":"auto","background-attachment":"scroll","background-type":"","background-media":"","overlay-type":"","overlay-color":"","overlay-opacity":"","overlay-gradient":""}},"ast-content-background-meta":{"desktop":{"background-color":"var(--ast-global-color-5)","background-image":"","background-repeat":"repeat","background-position":"center center","background-size":"auto","background-attachment":"scroll","background-type":"","background-media":"","overlay-type":"","overlay-color":"","overlay-opacity":"","overlay-gradient":""},"tablet":{"background-color":"var(--ast-global-color-5)","background-image":"","background-repeat":"repeat","background-position":"center center","background-size":"auto","background-attachment":"scroll","background-type":"","background-media":"","overlay-type":"","overlay-color":"","overlay-opacity":"","overlay-gradient":""},"mobile":{"background-color":"var(--ast-global-color-5)","background-image":"","background-repeat":"repeat","background-position":"center center","background-size":"auto","background-attachment":"scroll","background-type":"","background-media":"","overlay-type":"","overlay-color":"","overlay-opacity":"","overlay-gradient":""}},"footnotes":""},"class_list":["post-155","page","type-page","status-publish","hentry"],"uagb_featured_image_src":{"full":false,"thumbnail":false,"medium":false,"medium_large":false,"large":false,"1536x1536":false,"2048x2048":false,"trp-custom-language-flag":false,"gform-image-choice-sm":false,"gform-image-choice-md":false,"gform-image-choice-lg":false},"uagb_author_info":{"display_name":"LIUNA Staff","author_link":"https:\/\/liunalocal1329.org\/es\/news\/author\/6e5baa101308fa9d\/"},"uagb_comment_info":0,"uagb_excerpt":"Design is a funny word If you are a candidate for public office who would like to seek our endorsement for the 2022 election cycle, please complete the relevant questionnaire below. Municipal\u00a0 Candidate (County\/City\/TWP) Municipal Candidate Questionnaire State Candidate (Statewide\/Senate\/House) State Candidate Questionnaire Federal\u00a0 Candidate (Congress) Federal Candidate Questionnaire We highly encourage Local and State&hellip;","_links":{"self":[{"href":"https:\/\/liunalocal1329.org\/es\/wp-json\/wp\/v2\/pages\/155","targetHints":{"allow":["GET"]}}],"collection":[{"href":"https:\/\/liunalocal1329.org\/es\/wp-json\/wp\/v2\/pages"}],"about":[{"href":"https:\/\/liunalocal1329.org\/es\/wp-json\/wp\/v2\/types\/page"}],"author":[{"embeddable":true,"href":"https:\/\/liunalocal1329.org\/es\/wp-json\/wp\/v2\/users\/1"}],"replies":[{"embeddable":true,"href":"https:\/\/liunalocal1329.org\/es\/wp-json\/wp\/v2\/comments?post=155"}],"version-history":[{"count":21,"href":"https:\/\/liunalocal1329.org\/es\/wp-json\/wp\/v2\/pages\/155\/revisions"}],"predecessor-version":[{"id":868,"href":"https:\/\/liunalocal1329.org\/es\/wp-json\/wp\/v2\/pages\/155\/revisions\/868"}],"wp:attachment":[{"href":"https:\/\/liunalocal1329.org\/es\/wp-json\/wp\/v2\/media?parent=155"}],"curies":[{"name":"wp","href":"https:\/\/api.w.org\/{rel}","templated":true}]}}