{"id":1328,"date":"2023-03-07T10:03:03","date_gmt":"2023-03-07T16:03:03","guid":{"rendered":"https:\/\/liunalocal1329.org\/?page_id=1328"},"modified":"2023-03-07T10:09:43","modified_gmt":"2023-03-07T16:09:43","slug":"contractors-hiring","status":"publish","type":"page","link":"https:\/\/liunalocal1329.org\/es\/contractors-hiring\/","title":{"rendered":"Contrataci\u00f3n de contratistas"},"content":{"rendered":"<h1>\n\t\tContratistas de la Uni\u00f3n\n\t<\/h1>\n<h2>\n\t\tLa primavera llegar\u00e1 pronto.\n\t<\/h2>\n\t<p>Aqu\u00ed est\u00e1n los enlaces a <strong>contratistas sindicales<\/strong> actualmente contratando para obras viales; Si est\u00e1 interesado en alguno de estos puestos, solicite el puesto con el contratista incluido e inf\u00f3rmele a su representante de marketing que se indica a continuaci\u00f3n que est\u00e1 buscando el puesto. \u00c9l te guiar\u00e1 a trav\u00e9s del proceso.<\/p>\n\t<p><b>Requisitos de trabajo<\/b>: Debe poder pasar el examen f\u00edsico y de drogas previo a la colocaci\u00f3n, la capacidad de viajar seg\u00fan el proyecto, la capacidad de permanecer de pie durante per\u00edodos prolongados, la capacidad de levantar hasta 50 libras, la capacidad de ayudar a otros trabajadores artesanales.<\/p>\n\t<h3>\n\t\t\t\tContratista: Pavimentaci\u00f3n Ajax\n\t\t\t<\/h3>\n\t\t\t<p><strong>Posici\u00f3n: <a href=\"https:\/\/keystyle.ajaxpaving.com\/Careers\/BrowseJobs\">Obreros de hormig\u00f3n<\/a><\/strong>L\u00edder en la industria de la construcci\u00f3n de carreteras, actualmente tiene vacantes disponibles para trabajadores del hormig\u00f3n.<b>\u00c1rea de trabajo<\/b>: Sudeste de Michigan<\/p>\t\n\t<h3>\n\t\t\t\tContractor: T&#038;M Asphalt Paving\u00a0\n\t\t\t<\/h3>\n\t\t\t<p><b>Posici\u00f3n: <\/b><a href=\"http:\/\/tmasphalt.com\/job-application\"><b>Obrero<\/b><\/a><b> (<\/b>Apply to the Laborers positions open)T&amp;M Asphalt Paving has been a paving leader in southeast Michigan since 1969 working in both the private and public markets. Work includes asphalt paving, concrete paving, grading, asphalt seal coating, asphalt and concrete crack sealing, asphalt patching and catch basin repair.<b>Areas de trabajo<\/b>: Metro Detroit y regiones circundantes<\/p>\t\n\t<h3>\n\t\t\t\tContratista: Iafrate Construcci\u00f3n\n\t\t\t<\/h3>\n\t\t\t<p><b>Posici\u00f3n<\/b>: <a href=\"https:\/\/iafrate.com\/craft-skilled-trades-drivers\/\">Obreros<br \/><\/a>Iafrate Construction es un contratista de desarrollo de sitios de servicio completo que se especializa en movimiento de tierras, servicios p\u00fablicos subterr\u00e1neos y pavimento de concreto.\u00a0<b>\u00c1rea de trabajo<\/b>: Metro Detroit a las \u00e1reas de Kalamazoo <\/p>\t\n\t<h3>\n\t\t\t\tContratista: Kaltz Excavating Co Inc.\u00a0\n\t\t\t<\/h3>\n\t\t\t<p><b>Posici\u00f3n: <\/b><a href=\"https:\/\/kaltzexcavating.com\/careers\/\"><b>Obrero<\/b><\/a><b> (<\/b>click the link and check laborer position)Kaltz Excavating Co. Inc\/M.U.E. Inc has been a family owned and operated excavating company since 1978, providing underground construction and utility support services.\u00a0<b>\u00c1rea de trabajo<\/b>: \u00e1rea sureste de Michigan<\/p>\t\n\t<h3>\n\t\t\t\tContratista: Casco CA\u00a0\n\t\t\t<\/h3>\n\t\t\t<p><b>Posici\u00f3n: <\/b><a href=\"https:\/\/cahull.bamboohr.com\/careers\/11?source=aWQ9Nw%3D%3D\"><b>Obrero y capataz de obrero<\/b><\/a>CA Hull se enorgullece de ser un contratista de carreteras pesadas basado en sindicatos que emplea una variedad de oficios calificados. Se alienta a los comerciantes y mujeres calificados y orientados a la carrera a postularse. \u00bfNo experiencia? \u00a1Ning\u00fan problema! Es posible que lo coloquen en un programa de aprendizaje que le permita aprender mientras trabaja y le pagan.<b>Areas de trabajo<\/b>: \u00c1rea metropolitana de Detroit, \u00e1rea de Lansing, \u00e1rea de Battle Creek\/Kalamazoo<\/p>\t\n\t<h3>\n\t\t\t\tContratista: Hoffman Bros., Inc.\u00a0\n\t\t\t<\/h3>\n\t\t\t<p><b>Posici\u00f3n: <\/b><a href=\"https:\/\/www.hoffmanbrosinc.com\/Michigan-Excavating-Contractor-earthwork-underground\/michigan-excavatio\"><b>Trabajador general<\/b><\/a>Hoffman Bros. es uno de los principales contratistas civiles pesados de Michigan. Durante m\u00e1s de 70 a\u00f1os ha brindado servicios de construcci\u00f3n a una amplia gama de clientes p\u00fablicos y privados en las \u00e1reas de construcci\u00f3n subterr\u00e1nea, construcci\u00f3n de caminos y carreteras y desarrollo de sitios.\u00a0<b>\u00c1rea de trabajo<\/b>: Zona suroeste de Michigan Kalamazoo Battle Creek. <\/p>\t\n\t<h3>\n\t\t\t\tContractor: Dan&#8217;s Excavating Inc.\u00a0\n\t\t\t<\/h3>\n\t\t\t<p><b>Posici\u00f3n: <\/b><a href=\"https:\/\/dansexc.com\/about\/employment.html\"><b>Obrero<\/b><\/a><b> (<\/b>CHOOSE JOB DESCRIPTION: LABORER)Dan&#8217;s Excavating, Inc. is seeking Skilled Laborers. This position will involve physical labor at highway and heavy construction project sites. Some of the laborer positions available but not limited to are: General Laborer &#8211; Road, General Laborer &#8211; Bridge, General Laborer -Underground, Grade Checker, Pipe Layer<b>\u00c1rea de trabajo<\/b>: Metro Detroit y en todo el bajo Michigan<\/p>\t\n\t<h3>\n\t\t\t\tContratista: Corby Energy Services\n\t\t\t<\/h3>\n\t\t\t<p><b>Posici\u00f3n<i>:<\/i><\/b><strong><a href=\"http:\/\/www.corbyenergy.com\/careers\/\">Obrero<\/a><\/strong>CES brinda servicios de construcci\u00f3n, ingenier\u00eda y soporte a empresas de servicios p\u00fablicos y empresas relacionadas en todo el sureste de Michigan, Indiana y Ohio.\u00a0<strong>\u00c1rea de trabajo:<\/strong> \u00e1rea metropolitana de detroit<\/p>\t\n\t<h3>\n\t\t\t\tContratista: Ram Construction Services\u00a0\n\t\t\t<\/h3>\n\t\t\t<p><b>Posici\u00f3n: <\/b><a href=\"https:\/\/ramservices.com\/careers\/\"><b>Obrero<\/b><\/a><b> (<\/b>Apply to the Laborer positions available)As a Laborer for RAM Construction Services, you will assist in the revitalization and construction of our surrounding areas. A Laborer employee will perform a variety of tasks that aid our skilled trade workers and lead to the completion and success of a project<b>Areas de trabajo<\/b>: Metro Detroit y en todo el bajo Michigan<\/p>\t\n\t<p>The Michigan Laborers&#8217; Union helps workers attain better jobs, higher wages, and quality healthcare. We also fight to ensure that your jobs, wages, and safety are protected\u00a0and that your employers honor fair contracts and treat you with respect. Through our partnership with Union Contractors, we are able to provide our members with the best possible wages, job security, and benefits &#8211; so that you can feel secure in your workplace. With LIUNA, you can trust that your rights and best interests will be taken into account.<\/p>\n\t\t\t<img decoding=\"async\" src=\"https:\/\/liunalocal1329.org\/wp-content\/uploads\/2022\/10\/allorangemapwebsitemapsize.png\" alt=\"allorangemapwebsitemapsize\"\/>\n\t\t\t\t\t\t\t<h3>Local 1329:<\/h3><p><strong>Sitio web:<\/strong>\u00a0<a href=\"https:\/\/liunalocal1329.org\/es\/\">www.LiunaLocal1329.org<\/a><br \/><strong>Direcci\u00f3n:<br \/><\/strong>1800 N. Stephenson Ave.<br \/>Monta\u00f1a de Hierro, MI 49801<strong>Tel\u00e9fono:<\/strong> (906) 774-6070<br \/><strong>Fax:<\/strong> (906) 774-1199<\/p>\t\t\t\t\t\t\t\t\t\t\t\t\t\n\t\t\t\t\t\t\t<h3>Local 1098:<\/h3><p><strong>Sitio web:<\/strong>\u00a0<a href=\"https:\/\/www.local1098.org\/\">www.Local1098.org<\/a><br \/><strong>Direcci\u00f3n:<br \/><\/strong>345 E. Morley Dr.<br \/>Saginaw, MI 48601<strong>Tel\u00e9fono:<\/strong> (989) 752-6146<br \/><strong>Fax:<\/strong> (248) 334-0584<\/p>\t\t\t\t\t\t\t\t\t\t\t\t\t\n\t\t\t\t\t\t\t<h3>Local 355<\/h3><p><strong>Sitio web:<\/strong>\u00a0<a href=\"https:\/\/www.local355.org\/\">www.Local355.org<\/a><br \/><strong>Direcci\u00f3n:<\/strong><br \/>1500 E. Columbia Ave.<br \/>Battle Creek, MI 49014<strong>Tel\u00e9fono:<\/strong> 269-962-8010<br \/><strong>Fax:<\/strong> 269-962-1431<\/p>\t\t\t\t\t\t\t\t\t\t\t\t\t\n\t\t\t\t\t\t\t<h3>Local 499:<\/h3><p><strong>Sitio web:<\/strong>\u00a0<a href=\"https:\/\/www.local499.org\/\">www.Local499.org<\/a><br \/><strong>Direcci\u00f3n:<br \/><\/strong>3080 Platt Rd.<br \/>Ann Arbor, MI 48108<strong>Tel\u00e9fono:<\/strong> (734) 971-5212<br \/><strong>Fax:<\/strong> (734) 971-0094<\/p>\t\t\t\t\t\t\t\t\t\t\t\t\t\n\t\t\t\t\t\t\t<h3><strong>local 1076<\/strong><\/h3><p><strong>Sitio web:<\/strong> <a href=\"https:\/\/www.constructionlaborers1076.org\/\">ConstructionLaborers1076.org<\/a><br \/><strong>Direcci\u00f3n:<br \/><\/strong>760 Joslyn Ave.<br \/>Pontiac, MI 48340<strong>Tel\u00e9fono:<\/strong> (248) 334-0509<br \/><strong>Fax:<\/strong> (248) 334-0584<\/p>\t\t\t\t\t\t\t\t\t\t\t\t\t\n\t\t\t\t\t\t\t<h3>local 1191<\/h3><p><strong>Sitio web:<\/strong> <a href=\"https:\/\/www.laborerslocal1191.org\/\">LaborersLocal1191.org<\/a><br \/><strong>Direcci\u00f3n:<br \/><\/strong>2161 West Grand Blvd.<br \/>Detroit, MI 48208<strong>Tel\u00e9fono:<\/strong> (313) 894-2241<br \/><strong>Fax:<\/strong> (313) 894-6250<\/p>\t\t\t\t\t\t\t\t\t\t\t\t\t\n\t\t\t\t\t\t\t<h3><strong>local 1075<\/strong><\/h3><p><strong>Sitio web: <\/strong><a href=\"https:\/\/www.liunalocal1075.org\/\">liunalocal1075.org<\/a><br \/><strong>Direcci\u00f3n:<br \/><\/strong>7024 North Dort Hwy,<br \/>Monte Morris, MI 48458<strong>Tel\u00e9fono:<\/strong> (810) 686-8381<br \/><strong>Fax:<\/strong> (810) 686-1906<\/p>\t\t\t\t\t\t\t\t\t\t\t\t\t\n\t\t\t\t<img decoding=\"async\" src=\"https:\/\/liunalocal1329.org\/wp-content\/uploads\/bb-plugin\/cache\/ChrisChwalek_Photo-768x1024-square.jpeg\" alt=\"Chris+Chwalek_Photo\" itemprop=\"image\" title=\"Chris+Chwalek_Photo\" onerror=\"this.style.display='none'\"  \/>\n<h3>chris chwalek<\/h3>\t\t\n<p>Gerente de Mercadeo<\/p>\n(M) 517-202-5486<br \/>\n<a href=\"mailto:cchwalek@liunagroc.com\">Correo electr\u00f3nico<\/a>\n\t\t\t\t<img loading=\"lazy\" decoding=\"async\" src=\"https:\/\/liunalocal1329.org\/wp-content\/uploads\/bb-plugin\/cache\/nick-defauw-square.jpeg\" alt=\"nick-defauw\" itemprop=\"image\" height=\"666\" width=\"500\" title=\"nick-defauw\" onerror=\"this.style.display='none'\"  \/>\n<h3>Nick por defecto<\/h3>\t\t\n\t\t\tRepresentante de ventas<br \/>\n(M) (810) 542-2125<br \/>\n<a href=\"mailto:ndefauw@liunagroc.com\">Correo electr\u00f3nico<\/a>\n\t\t\t\t<img loading=\"lazy\" decoding=\"async\" src=\"https:\/\/liunalocal1329.org\/wp-content\/uploads\/bb-plugin\/cache\/OUS-JoshFruik-2-e1658948061981-square.png\" alt=\"OUS-+Josh+Fruik-2\" itemprop=\"image\" height=\"202\" width=\"202\" title=\"OUS-+Josh+Fruik-2\" onerror=\"this.style.display='none'\"  \/>\n<h3>Josh Fruik<\/h3>\t\t\n\t\t\tRepresentante de ventas<br \/>\n(M) (906) 235-7547<br \/>\n<a href=\"mailto:jfruik@liunagroc.com\">Correo electr\u00f3nico<\/a>\n\t\t\t\t<img decoding=\"async\" src=\"https:\/\/liunalocal1329.org\/wp-content\/uploads\/bb-plugin\/cache\/PaulHusted-e1658948618793-square.jpeg\" alt=\"Paul+Husted\" itemprop=\"image\" title=\"Pablo+Husted\" onerror=\"this.style.display='none'\"  \/>\n<h3>Pablo Husted<\/h3>\t\t\n\t\t\tRepresentante de ventas<br \/>\n(M) (810) 662-5440<br \/>\n<a href=\"mailto:phusted@liunagroc.com\">Correo electr\u00f3nico<\/a>\n\t\t\t\t<img decoding=\"async\" src=\"https:\/\/liunalocal1329.org\/wp-content\/uploads\/bb-plugin\/cache\/RayMcGee-e1658948744129-square.jpeg\" alt=\"Ray+McGee\" itemprop=\"image\" title=\"Ray+McGee\" onerror=\"this.style.display='none'\"  \/>\n<h3>ray mcgee<\/h3>\t\t\n\t\t\tRepresentante de ventas\u00a0<br \/>\n(M) (269) 870-5006<br \/>\n<a href=\"mailto:rmcgee@liunagroc.com\">Correo electr\u00f3nico<\/a>\n\t\t\t\t<img decoding=\"async\" src=\"https:\/\/liunalocal1329.org\/wp-content\/uploads\/bb-plugin\/cache\/DrakeMinton-e1658948891484-square.jpeg\" alt=\"Drake+Minton\" itemprop=\"image\" title=\"Drake+Minton\" onerror=\"this.style.display='none'\"  \/>\n<h3>drake minton<\/h3>\t\t\n\t\t\tRepresentante de ventas\u00a0<br \/>\n(M) (734) 731-7097<br \/>\n<a href=\"mailto:dminton@liunagroc.com\">Correo electr\u00f3nico<\/a>\n\t\t\t\t<img decoding=\"async\" src=\"https:\/\/liunalocal1329.org\/wp-content\/uploads\/bb-plugin\/cache\/MarkPulice-e1658949047877-square.jpeg\" alt=\"Mark+Pulice\" itemprop=\"image\" title=\"Marcos+Pulice\" onerror=\"this.style.display='none'\"  \/>\n<h3>marca pulice<\/h3>\t\t\n\t\t\tRepresentante de ventas<br \/>\n(M) (586) 604-8030<br \/>\n<a href=\"mailto:mpulice@liunagroc.com\">Correo electr\u00f3nico<\/a>\n\t\t\t\t<img decoding=\"async\" src=\"https:\/\/liunalocal1329.org\/wp-content\/uploads\/bb-plugin\/cache\/ChrisTaylor-e1658949193376-square.jpeg\" alt=\"Chris+Taylor\" itemprop=\"image\" title=\"cris+taylor\" onerror=\"this.style.display='none'\"  \/>\n<h3>cris taylor<\/h3>\t\t\n\t\t\tRepresentante de ventas<br \/>\n(M) (989) 397-7877<br \/>\n<a href=\"mailto:ctaylor@liunagroc.com\">Correo electr\u00f3nico<\/a>\n\t\t\t\t<img decoding=\"async\" src=\"https:\/\/liunalocal1329.org\/wp-content\/uploads\/bb-plugin\/cache\/MTrammell1-square.jpeg\" alt=\"MTrammell+1\" itemprop=\"image\" title=\"MTrammell+1\" onerror=\"this.style.display='none'\"  \/>\n<h3>marcus trammell<\/h3>\t\t\n\t\t\tDirector de investigaci\u00f3n<br \/>\n(M) (517) 877-2735<br \/>\n<a href=\"mailto:mtrammell@mi-laborers.org\">Correo electr\u00f3nico<\/a>","protected":false},"excerpt":{"rendered":"<p>Union Contractors Spring is coming soon. Here are the links to union contractors currently hiring for road work; if you are interested in any of these positions, apply for the position with the contractor included and let your Marketing Rep listed below know that you are pursuing the position. He will guide you through the [&hellip;]<\/p>","protected":false},"author":6,"featured_media":0,"parent":0,"menu_order":0,"comment_status":"closed","ping_status":"closed","template":"","meta":{"_uag_custom_page_level_css":"","site-sidebar-layout":"default","site-content-layout":"","ast-site-content-layout":"default","site-content-style":"default","site-sidebar-style":"default","ast-global-header-display":"","ast-banner-title-visibility":"","ast-main-header-display":"","ast-hfb-above-header-display":"","ast-hfb-below-header-display":"","ast-hfb-mobile-header-display":"","site-post-title":"","ast-breadcrumbs-content":"","ast-featured-img":"","footer-sml-layout":"","theme-transparent-header-meta":"","adv-header-id-meta":"","stick-header-meta":"","header-above-stick-meta":"","header-main-stick-meta":"","header-below-stick-meta":"","astra-migrate-meta-layouts":"default","ast-page-background-enabled":"default","ast-page-background-meta":{"desktop":{"background-color":"var(--ast-global-color-4)","background-image":"","background-repeat":"repeat","background-position":"center center","background-size":"auto","background-attachment":"scroll","background-type":"","background-media":"","overlay-type":"","overlay-color":"","overlay-opacity":"","overlay-gradient":""},"tablet":{"background-color":"","background-image":"","background-repeat":"repeat","background-position":"center center","background-size":"auto","background-attachment":"scroll","background-type":"","background-media":"","overlay-type":"","overlay-color":"","overlay-opacity":"","overlay-gradient":""},"mobile":{"background-color":"","background-image":"","background-repeat":"repeat","background-position":"center center","background-size":"auto","background-attachment":"scroll","background-type":"","background-media":"","overlay-type":"","overlay-color":"","overlay-opacity":"","overlay-gradient":""}},"ast-content-background-meta":{"desktop":{"background-color":"var(--ast-global-color-5)","background-image":"","background-repeat":"repeat","background-position":"center center","background-size":"auto","background-attachment":"scroll","background-type":"","background-media":"","overlay-type":"","overlay-color":"","overlay-opacity":"","overlay-gradient":""},"tablet":{"background-color":"var(--ast-global-color-5)","background-image":"","background-repeat":"repeat","background-position":"center center","background-size":"auto","background-attachment":"scroll","background-type":"","background-media":"","overlay-type":"","overlay-color":"","overlay-opacity":"","overlay-gradient":""},"mobile":{"background-color":"var(--ast-global-color-5)","background-image":"","background-repeat":"repeat","background-position":"center center","background-size":"auto","background-attachment":"scroll","background-type":"","background-media":"","overlay-type":"","overlay-color":"","overlay-opacity":"","overlay-gradient":""}},"footnotes":""},"class_list":["post-1328","page","type-page","status-publish","hentry"],"uagb_featured_image_src":{"full":false,"thumbnail":false,"medium":false,"medium_large":false,"large":false,"1536x1536":false,"2048x2048":false,"trp-custom-language-flag":false,"gform-image-choice-sm":false,"gform-image-choice-md":false,"gform-image-choice-lg":false},"uagb_author_info":{"display_name":"Joe Braun","author_link":"https:\/\/liunalocal1329.org\/es\/news\/author\/881a6fab45ec5b12\/"},"uagb_comment_info":0,"uagb_excerpt":"Union Contractors Spring is coming soon. Here are the links to union contractors currently hiring for road work; if you are interested in any of these positions, apply for the position with the contractor included and let your Marketing Rep listed below know that you are pursuing the position. He will guide you through the&hellip;","_links":{"self":[{"href":"https:\/\/liunalocal1329.org\/es\/wp-json\/wp\/v2\/pages\/1328","targetHints":{"allow":["GET"]}}],"collection":[{"href":"https:\/\/liunalocal1329.org\/es\/wp-json\/wp\/v2\/pages"}],"about":[{"href":"https:\/\/liunalocal1329.org\/es\/wp-json\/wp\/v2\/types\/page"}],"author":[{"embeddable":true,"href":"https:\/\/liunalocal1329.org\/es\/wp-json\/wp\/v2\/users\/6"}],"replies":[{"embeddable":true,"href":"https:\/\/liunalocal1329.org\/es\/wp-json\/wp\/v2\/comments?post=1328"}],"version-history":[{"count":5,"href":"https:\/\/liunalocal1329.org\/es\/wp-json\/wp\/v2\/pages\/1328\/revisions"}],"predecessor-version":[{"id":1335,"href":"https:\/\/liunalocal1329.org\/es\/wp-json\/wp\/v2\/pages\/1328\/revisions\/1335"}],"wp:attachment":[{"href":"https:\/\/liunalocal1329.org\/es\/wp-json\/wp\/v2\/media?parent=1328"}],"curies":[{"name":"wp","href":"https:\/\/api.w.org\/{rel}","templated":true}]}}